{"id":1788,"date":"2020-08-04T11:05:47","date_gmt":"2020-08-04T09:05:47","guid":{"rendered":"http:\/\/linwp.it4u.se\/AKMC\/foretag\/?page_id=35"},"modified":"2023-10-31T16:29:38","modified_gmt":"2023-10-31T15:29:38","slug":"huset","status":"publish","type":"page","link":"https:\/\/sijtijarnge.no\/en\/huset\/","title":{"rendered":"About us"},"content":{"rendered":"<h2 class=\"wp-block-heading\">Premissleverand\u00f8r i Helgeland og i \u00e5arjel Saepmie\u2026<\/h2>\n\n\n\n<h3 class=\"wp-block-heading\">Forbilder for huset \u2013 som er tegnet av arkitekt Kjell Borgen, Oslo \u2013 er den samiske k\u00e5ta. K\u00e5tepreget finner man f\u00f8rst og fremst i utformingen av det utvendige og innvendige eksteri\u00f8r.<\/h3>\n\n\n\n<p>I sentralrommet ligger \u00abaernie\u00bb \u2013 ildstedet i midten. Glasskuppelen i taket er etter en modell av \u00abriehpene\u00bb \u2013 ljoren \u2013 der r\u00f8yken&nbsp;fra ilden g\u00e5r ut i det fri.<\/p>\n\n\n\n<p>Hovedinngangen ligger mot \u00f8st \u2013 mot soloppgangen.<\/p>\n\n\n\n<p>Bakveggen er dekorert med et nydelig glassmaleri laget p\u00e5 bestilling av kunstneren Oddmund Kristiansen fra Nore i Numedal.<\/p>\n\n\n\n<figure class=\"wp-block-image size-large\"><img loading=\"lazy\" decoding=\"async\" width=\"1024\" height=\"672\" src=\"http:\/\/media.sijtijarnge.no.loopiadns.com\/2020\/11\/Sijtijarnge_Aarborte_NO_okt19_708_FullRes_CJUTSI-kopia-1024x672-1.jpg\" alt=\"\" class=\"wp-image-1976\" srcset=\"https:\/\/sijtijarnge.no\/wp-content\/uploads\/2020\/11\/Sijtijarnge_Aarborte_NO_okt19_708_FullRes_CJUTSI-kopia-1024x672-1.jpg 1024w, https:\/\/sijtijarnge.no\/wp-content\/uploads\/2020\/11\/Sijtijarnge_Aarborte_NO_okt19_708_FullRes_CJUTSI-kopia-1024x672-1-600x394.jpg 600w, https:\/\/sijtijarnge.no\/wp-content\/uploads\/2020\/11\/Sijtijarnge_Aarborte_NO_okt19_708_FullRes_CJUTSI-kopia-1024x672-1-300x197.jpg 300w, https:\/\/sijtijarnge.no\/wp-content\/uploads\/2020\/11\/Sijtijarnge_Aarborte_NO_okt19_708_FullRes_CJUTSI-kopia-1024x672-1-768x504.jpg 768w, https:\/\/sijtijarnge.no\/wp-content\/uploads\/2020\/11\/Sijtijarnge_Aarborte_NO_okt19_708_FullRes_CJUTSI-kopia-1024x672-1-16x12.jpg 16w\" sizes=\"auto, (max-width: 1024px) 100vw, 1024px\" \/><figcaption class=\"wp-element-caption\">Foto: Carl-Johan Utsi<\/figcaption><\/figure>\n\n\n\n<p>Bakveggen i ei original s\u00f8rsamisk torvk\u00e5te kalles for \u00abb\u00e5assjoe\u00bb. I \u00abb\u00e5assjoe\u00bb er det alltid ei lita \u00e5pning \u2013 denne \u00e5pninga kalles \u00abb\u00e5assjoe- raejkie\u00bb. I eldre tider ble mat, husger\u00e5d, men ogs\u00e5 soltromma oppbevart i \u00abb\u00e5assjoe\u00bb. Det var derfor strengt forbudt for noen \u00e5 sitte, st\u00e5 eller ligge der. Et unntak ble imidlertidig gjort, for bj\u00f8rnejegeren som kom hjem fra en vellykket jakt. Han skulle smyge seg gjennom \u00abb\u00e5assjoe-raejkie\u00bb \u2013 inn i k\u00e5ta. Der satt kvinnene og \u00f8vrige familiemedlemmer \u2013 kledd i sin fineste stas, for \u00e5 gj\u00f8re \u00e6re p\u00e5 han.<\/p>\n\n\n\n<p>P\u00e5 veggene i sentralrommet er det utsmykking laget av Ingunn Utsi.<\/p>\n\n\n\n<figure class=\"wp-block-gallery has-nested-images columns-default is-cropped wp-block-gallery-1 is-layout-flex wp-block-gallery-is-layout-flex\">\n<figure class=\"wp-block-image size-large\"><img loading=\"lazy\" decoding=\"async\" width=\"1024\" height=\"685\" data-id=\"1936\" src=\"https:\/\/sijtijarnge.no\/wp-content\/uploads\/2020\/11\/kustverk-av-Ingunn-Utsi-007-1024x685.jpg\" alt=\"\" class=\"wp-image-1936\" srcset=\"https:\/\/sijtijarnge.no\/wp-content\/uploads\/2020\/11\/kustverk-av-Ingunn-Utsi-007-1024x685.jpg 1024w, https:\/\/sijtijarnge.no\/wp-content\/uploads\/2020\/11\/kustverk-av-Ingunn-Utsi-007-600x400.jpg 600w, https:\/\/sijtijarnge.no\/wp-content\/uploads\/2020\/11\/kustverk-av-Ingunn-Utsi-007-300x201.jpg 300w, https:\/\/sijtijarnge.no\/wp-content\/uploads\/2020\/11\/kustverk-av-Ingunn-Utsi-007-768x514.jpg 768w, https:\/\/sijtijarnge.no\/wp-content\/uploads\/2020\/11\/kustverk-av-Ingunn-Utsi-007-1536x1028.jpg 1536w, https:\/\/sijtijarnge.no\/wp-content\/uploads\/2020\/11\/kustverk-av-Ingunn-Utsi-007-16x12.jpg 16w, https:\/\/sijtijarnge.no\/wp-content\/uploads\/2020\/11\/kustverk-av-Ingunn-Utsi-007.jpg 1936w\" sizes=\"auto, (max-width: 1024px) 100vw, 1024px\" \/><\/figure>\n<\/figure>\n\n\n\n<p>Huset best\u00e5r av f\u00f8lgende lokaler foruten sentralrommet:&nbsp;Kontoret, biblioteksrom, kj\u00f8kken,&nbsp;resepsjon&nbsp; et verksted for hardsl\u00f8yd, et for mjuksl\u00f8yd, materiallager, v\u00e5trom, arkiv, m\u00f8rkerom, kj\u00f8lelager, garderobe samt toaletter. Det samiske tunet som er bygd opp i tilknytning til huset best\u00e5r av ei torvk\u00e5te og et bur i tradisjonell utforming.<\/p>\n\n\n\n<figure class=\"wp-block-gallery has-nested-images columns-default is-cropped wp-block-gallery-2 is-layout-flex wp-block-gallery-is-layout-flex\">\n<figure class=\"wp-block-image size-large\"><img loading=\"lazy\" decoding=\"async\" width=\"1024\" height=\"672\" data-id=\"1934\" src=\"https:\/\/sijtijarnge.no\/wp-content\/uploads\/2020\/11\/Sijtijarnge_Aarborte_NO_okt19_239_FullRes_CJUTSI-kopia-1024x672.jpg\" alt=\"\" class=\"wp-image-1934\" srcset=\"https:\/\/sijtijarnge.no\/wp-content\/uploads\/2020\/11\/Sijtijarnge_Aarborte_NO_okt19_239_FullRes_CJUTSI-kopia-1024x672.jpg 1024w, https:\/\/sijtijarnge.no\/wp-content\/uploads\/2020\/11\/Sijtijarnge_Aarborte_NO_okt19_239_FullRes_CJUTSI-kopia-600x394.jpg 600w, https:\/\/sijtijarnge.no\/wp-content\/uploads\/2020\/11\/Sijtijarnge_Aarborte_NO_okt19_239_FullRes_CJUTSI-kopia-300x197.jpg 300w, https:\/\/sijtijarnge.no\/wp-content\/uploads\/2020\/11\/Sijtijarnge_Aarborte_NO_okt19_239_FullRes_CJUTSI-kopia-768x504.jpg 768w, https:\/\/sijtijarnge.no\/wp-content\/uploads\/2020\/11\/Sijtijarnge_Aarborte_NO_okt19_239_FullRes_CJUTSI-kopia-1536x1008.jpg 1536w, https:\/\/sijtijarnge.no\/wp-content\/uploads\/2020\/11\/Sijtijarnge_Aarborte_NO_okt19_239_FullRes_CJUTSI-kopia-16x12.jpg 16w, https:\/\/sijtijarnge.no\/wp-content\/uploads\/2020\/11\/Sijtijarnge_Aarborte_NO_okt19_239_FullRes_CJUTSI-kopia.jpg 1600w\" sizes=\"auto, (max-width: 1024px) 100vw, 1024px\" \/><figcaption class=\"wp-element-caption\">Foto: Carl-Johan Utsi<\/figcaption><\/figure>\n\n\n\n<figure class=\"wp-block-image size-large\"><img loading=\"lazy\" decoding=\"async\" width=\"1024\" height=\"672\" data-id=\"1933\" src=\"https:\/\/sijtijarnge.no\/wp-content\/uploads\/2020\/11\/Sijtijarnge_Aarborte_NO_okt19_251_FullRes_CJUTSI-kopia-1024x672.jpg\" alt=\"\" class=\"wp-image-1933\" srcset=\"https:\/\/sijtijarnge.no\/wp-content\/uploads\/2020\/11\/Sijtijarnge_Aarborte_NO_okt19_251_FullRes_CJUTSI-kopia-1024x672.jpg 1024w, https:\/\/sijtijarnge.no\/wp-content\/uploads\/2020\/11\/Sijtijarnge_Aarborte_NO_okt19_251_FullRes_CJUTSI-kopia-600x394.jpg 600w, https:\/\/sijtijarnge.no\/wp-content\/uploads\/2020\/11\/Sijtijarnge_Aarborte_NO_okt19_251_FullRes_CJUTSI-kopia-300x197.jpg 300w, https:\/\/sijtijarnge.no\/wp-content\/uploads\/2020\/11\/Sijtijarnge_Aarborte_NO_okt19_251_FullRes_CJUTSI-kopia-768x504.jpg 768w, https:\/\/sijtijarnge.no\/wp-content\/uploads\/2020\/11\/Sijtijarnge_Aarborte_NO_okt19_251_FullRes_CJUTSI-kopia-1536x1008.jpg 1536w, https:\/\/sijtijarnge.no\/wp-content\/uploads\/2020\/11\/Sijtijarnge_Aarborte_NO_okt19_251_FullRes_CJUTSI-kopia-16x12.jpg 16w, https:\/\/sijtijarnge.no\/wp-content\/uploads\/2020\/11\/Sijtijarnge_Aarborte_NO_okt19_251_FullRes_CJUTSI-kopia.jpg 1600w\" sizes=\"auto, (max-width: 1024px) 100vw, 1024px\" \/><figcaption class=\"wp-element-caption\">Foto: Carl-Johan Utsi<\/figcaption><\/figure>\n<\/figure>","protected":false},"excerpt":{"rendered":"<p>Premissleverand\u00f8r i Helgeland og i \u00e5arjel Saepmie\u2026 Forbilder for huset \u2013 som er tegnet av arkitekt Kjell Borgen, Oslo \u2013 er den samiske k\u00e5ta. K\u00e5tepreget finner man f\u00f8rst og fremst i utformingen av det utvendige og innvendige eksteri\u00f8r. I sentralrommet ligger \u00abaernie\u00bb \u2013 ildstedet i midten. Glasskuppelen i taket er etter en modell av \u00abriehpene\u00bb [&hellip;]<\/p>\n","protected":false},"author":1,"featured_media":1965,"parent":0,"menu_order":0,"comment_status":"closed","ping_status":"closed","template":"","meta":{"_genesis_hide_title":false,"_genesis_hide_breadcrumbs":false,"_genesis_hide_singular_image":false,"_genesis_hide_footer_widgets":false,"_genesis_custom_body_class":"","_genesis_custom_post_class":"","_genesis_layout":"","footnotes":""},"class_list":{"0":"post-1788","1":"page","2":"type-page","3":"status-publish","4":"has-post-thumbnail","6":"entry"},"yoast_head":"<!-- This site is optimized with the Yoast SEO plugin v27.5 - https:\/\/yoast.com\/product\/yoast-seo-wordpress\/ -->\n<title>Om oss - Sijtijarnge<\/title>\n<meta name=\"robots\" content=\"index, follow, max-snippet:-1, max-image-preview:large, max-video-preview:-1\" \/>\n<link rel=\"canonical\" href=\"https:\/\/sijtijarnge.no\/en\/huset\/\" \/>\n<meta property=\"og:locale\" content=\"en_GB\" \/>\n<meta property=\"og:type\" content=\"article\" \/>\n<meta property=\"og:title\" content=\"Om oss - Sijtijarnge\" \/>\n<meta property=\"og:description\" content=\"Premissleverand\u00f8r i Helgeland og i \u00e5arjel Saepmie\u2026 Forbilder for huset \u2013 som er tegnet av arkitekt Kjell Borgen, Oslo \u2013 er den samiske k\u00e5ta. K\u00e5tepreget finner man f\u00f8rst og fremst i utformingen av det utvendige og innvendige eksteri\u00f8r. I sentralrommet ligger \u00abaernie\u00bb \u2013 ildstedet i midten. Glasskuppelen i taket er etter en modell av \u00abriehpene\u00bb [&hellip;]\" \/>\n<meta property=\"og:url\" content=\"https:\/\/sijtijarnge.no\/en\/huset\/\" \/>\n<meta property=\"og:site_name\" content=\"Sijtijarnge\" \/>\n<meta property=\"article:modified_time\" content=\"2023-10-31T15:29:38+00:00\" \/>\n<meta property=\"og:image\" content=\"https:\/\/sijtijarnge.no\/wp-content\/uploads\/2020\/11\/Sijtijarnge_Aarborte_NO_okt19_149_FullRes_CJUTSI-kopia-1024x672-1.jpeg\" \/>\n\t<meta property=\"og:image:width\" content=\"1024\" \/>\n\t<meta property=\"og:image:height\" content=\"672\" \/>\n\t<meta property=\"og:image:type\" content=\"image\/jpeg\" \/>\n<meta name=\"twitter:card\" content=\"summary_large_image\" \/>\n<meta name=\"twitter:label1\" content=\"Estimated reading time\" \/>\n\t<meta name=\"twitter:data1\" content=\"3 minutes\" \/>\n<script type=\"application\/ld+json\" class=\"yoast-schema-graph\">{\"@context\":\"https:\\\/\\\/schema.org\",\"@graph\":[{\"@type\":\"WebPage\",\"@id\":\"https:\\\/\\\/sijtijarnge.no\\\/huset\\\/\",\"url\":\"https:\\\/\\\/sijtijarnge.no\\\/huset\\\/\",\"name\":\"Om oss - Sijtijarnge\",\"isPartOf\":{\"@id\":\"https:\\\/\\\/sijtijarnge.no\\\/nb\\\/#website\"},\"primaryImageOfPage\":{\"@id\":\"https:\\\/\\\/sijtijarnge.no\\\/huset\\\/#primaryimage\"},\"image\":{\"@id\":\"https:\\\/\\\/sijtijarnge.no\\\/huset\\\/#primaryimage\"},\"thumbnailUrl\":\"https:\\\/\\\/sijtijarnge.no\\\/wp-content\\\/uploads\\\/2020\\\/11\\\/Sijtijarnge_Aarborte_NO_okt19_149_FullRes_CJUTSI-kopia-1024x672-1.jpeg\",\"datePublished\":\"2020-08-04T09:05:47+00:00\",\"dateModified\":\"2023-10-31T15:29:38+00:00\",\"breadcrumb\":{\"@id\":\"https:\\\/\\\/sijtijarnge.no\\\/huset\\\/#breadcrumb\"},\"inLanguage\":\"en-GB\",\"potentialAction\":[{\"@type\":\"ReadAction\",\"target\":[\"https:\\\/\\\/sijtijarnge.no\\\/huset\\\/\"]}]},{\"@type\":\"ImageObject\",\"inLanguage\":\"en-GB\",\"@id\":\"https:\\\/\\\/sijtijarnge.no\\\/huset\\\/#primaryimage\",\"url\":\"https:\\\/\\\/sijtijarnge.no\\\/wp-content\\\/uploads\\\/2020\\\/11\\\/Sijtijarnge_Aarborte_NO_okt19_149_FullRes_CJUTSI-kopia-1024x672-1.jpeg\",\"contentUrl\":\"https:\\\/\\\/sijtijarnge.no\\\/wp-content\\\/uploads\\\/2020\\\/11\\\/Sijtijarnge_Aarborte_NO_okt19_149_FullRes_CJUTSI-kopia-1024x672-1.jpeg\",\"width\":1024,\"height\":672},{\"@type\":\"BreadcrumbList\",\"@id\":\"https:\\\/\\\/sijtijarnge.no\\\/huset\\\/#breadcrumb\",\"itemListElement\":[{\"@type\":\"ListItem\",\"position\":1,\"name\":\"Hjem\",\"item\":\"https:\\\/\\\/sijtijarnge.no\\\/nb\\\/\"},{\"@type\":\"ListItem\",\"position\":2,\"name\":\"Om oss\"}]},{\"@type\":\"WebSite\",\"@id\":\"https:\\\/\\\/sijtijarnge.no\\\/nb\\\/#website\",\"url\":\"https:\\\/\\\/sijtijarnge.no\\\/nb\\\/\",\"name\":\"Sijtijarnge\",\"description\":\"Samisk spr\u00e5k- og kultursenter i Hattfjelldal\",\"publisher\":{\"@id\":\"https:\\\/\\\/sijtijarnge.no\\\/nb\\\/#organization\"},\"potentialAction\":[{\"@type\":\"SearchAction\",\"target\":{\"@type\":\"EntryPoint\",\"urlTemplate\":\"https:\\\/\\\/sijtijarnge.no\\\/nb\\\/?s={search_term_string}\"},\"query-input\":{\"@type\":\"PropertyValueSpecification\",\"valueRequired\":true,\"valueName\":\"search_term_string\"}}],\"inLanguage\":\"en-GB\"},{\"@type\":\"Organization\",\"@id\":\"https:\\\/\\\/sijtijarnge.no\\\/nb\\\/#organization\",\"name\":\"Sijtijarnge\",\"url\":\"https:\\\/\\\/sijtijarnge.no\\\/nb\\\/\",\"logo\":{\"@type\":\"ImageObject\",\"inLanguage\":\"en-GB\",\"@id\":\"https:\\\/\\\/sijtijarnge.no\\\/nb\\\/#\\\/schema\\\/logo\\\/image\\\/\",\"url\":\"https:\\\/\\\/sijtijarnge.no\\\/wp-content\\\/uploads\\\/2020\\\/08\\\/logo_farg_500px.png\",\"contentUrl\":\"https:\\\/\\\/sijtijarnge.no\\\/wp-content\\\/uploads\\\/2020\\\/08\\\/logo_farg_500px.png\",\"width\":500,\"height\":240,\"caption\":\"Sijtijarnge\"},\"image\":{\"@id\":\"https:\\\/\\\/sijtijarnge.no\\\/nb\\\/#\\\/schema\\\/logo\\\/image\\\/\"}}]}<\/script>\n<!-- \/ Yoast SEO plugin. -->","yoast_head_json":{"title":"Om oss - Sijtijarnge","robots":{"index":"index","follow":"follow","max-snippet":"max-snippet:-1","max-image-preview":"max-image-preview:large","max-video-preview":"max-video-preview:-1"},"canonical":"https:\/\/sijtijarnge.no\/en\/huset\/","og_locale":"en_GB","og_type":"article","og_title":"Om oss - Sijtijarnge","og_description":"Premissleverand\u00f8r i Helgeland og i \u00e5arjel Saepmie\u2026 Forbilder for huset \u2013 som er tegnet av arkitekt Kjell Borgen, Oslo \u2013 er den samiske k\u00e5ta. K\u00e5tepreget finner man f\u00f8rst og fremst i utformingen av det utvendige og innvendige eksteri\u00f8r. I sentralrommet ligger \u00abaernie\u00bb \u2013 ildstedet i midten. Glasskuppelen i taket er etter en modell av \u00abriehpene\u00bb [&hellip;]","og_url":"https:\/\/sijtijarnge.no\/en\/huset\/","og_site_name":"Sijtijarnge","article_modified_time":"2023-10-31T15:29:38+00:00","og_image":[{"width":1024,"height":672,"url":"https:\/\/sijtijarnge.no\/wp-content\/uploads\/2020\/11\/Sijtijarnge_Aarborte_NO_okt19_149_FullRes_CJUTSI-kopia-1024x672-1.jpeg","type":"image\/jpeg"}],"twitter_card":"summary_large_image","twitter_misc":{"Estimated reading time":"3 minutes"},"schema":{"@context":"https:\/\/schema.org","@graph":[{"@type":"WebPage","@id":"https:\/\/sijtijarnge.no\/huset\/","url":"https:\/\/sijtijarnge.no\/huset\/","name":"Om oss - Sijtijarnge","isPartOf":{"@id":"https:\/\/sijtijarnge.no\/nb\/#website"},"primaryImageOfPage":{"@id":"https:\/\/sijtijarnge.no\/huset\/#primaryimage"},"image":{"@id":"https:\/\/sijtijarnge.no\/huset\/#primaryimage"},"thumbnailUrl":"https:\/\/sijtijarnge.no\/wp-content\/uploads\/2020\/11\/Sijtijarnge_Aarborte_NO_okt19_149_FullRes_CJUTSI-kopia-1024x672-1.jpeg","datePublished":"2020-08-04T09:05:47+00:00","dateModified":"2023-10-31T15:29:38+00:00","breadcrumb":{"@id":"https:\/\/sijtijarnge.no\/huset\/#breadcrumb"},"inLanguage":"en-GB","potentialAction":[{"@type":"ReadAction","target":["https:\/\/sijtijarnge.no\/huset\/"]}]},{"@type":"ImageObject","inLanguage":"en-GB","@id":"https:\/\/sijtijarnge.no\/huset\/#primaryimage","url":"https:\/\/sijtijarnge.no\/wp-content\/uploads\/2020\/11\/Sijtijarnge_Aarborte_NO_okt19_149_FullRes_CJUTSI-kopia-1024x672-1.jpeg","contentUrl":"https:\/\/sijtijarnge.no\/wp-content\/uploads\/2020\/11\/Sijtijarnge_Aarborte_NO_okt19_149_FullRes_CJUTSI-kopia-1024x672-1.jpeg","width":1024,"height":672},{"@type":"BreadcrumbList","@id":"https:\/\/sijtijarnge.no\/huset\/#breadcrumb","itemListElement":[{"@type":"ListItem","position":1,"name":"Hjem","item":"https:\/\/sijtijarnge.no\/nb\/"},{"@type":"ListItem","position":2,"name":"Om oss"}]},{"@type":"WebSite","@id":"https:\/\/sijtijarnge.no\/nb\/#website","url":"https:\/\/sijtijarnge.no\/nb\/","name":"Sijtijarnge","description":"Sami language and culture center in Hattfjelldal","publisher":{"@id":"https:\/\/sijtijarnge.no\/nb\/#organization"},"potentialAction":[{"@type":"SearchAction","target":{"@type":"EntryPoint","urlTemplate":"https:\/\/sijtijarnge.no\/nb\/?s={search_term_string}"},"query-input":{"@type":"PropertyValueSpecification","valueRequired":true,"valueName":"search_term_string"}}],"inLanguage":"en-GB"},{"@type":"Organization","@id":"https:\/\/sijtijarnge.no\/nb\/#organization","name":"Sijtijarnge","url":"https:\/\/sijtijarnge.no\/nb\/","logo":{"@type":"ImageObject","inLanguage":"en-GB","@id":"https:\/\/sijtijarnge.no\/nb\/#\/schema\/logo\/image\/","url":"https:\/\/sijtijarnge.no\/wp-content\/uploads\/2020\/08\/logo_farg_500px.png","contentUrl":"https:\/\/sijtijarnge.no\/wp-content\/uploads\/2020\/08\/logo_farg_500px.png","width":500,"height":240,"caption":"Sijtijarnge"},"image":{"@id":"https:\/\/sijtijarnge.no\/nb\/#\/schema\/logo\/image\/"}}]}},"featured_image_src":"https:\/\/sijtijarnge.no\/wp-content\/uploads\/2020\/11\/Sijtijarnge_Aarborte_NO_okt19_149_FullRes_CJUTSI-kopia-1024x672-1.jpeg","featured_image_src_square":"https:\/\/sijtijarnge.no\/wp-content\/uploads\/2020\/11\/Sijtijarnge_Aarborte_NO_okt19_149_FullRes_CJUTSI-kopia-1024x672-1.jpeg","_links":{"self":[{"href":"https:\/\/sijtijarnge.no\/en\/wp-json\/wp\/v2\/pages\/1788","targetHints":{"allow":["GET"]}}],"collection":[{"href":"https:\/\/sijtijarnge.no\/en\/wp-json\/wp\/v2\/pages"}],"about":[{"href":"https:\/\/sijtijarnge.no\/en\/wp-json\/wp\/v2\/types\/page"}],"author":[{"embeddable":true,"href":"https:\/\/sijtijarnge.no\/en\/wp-json\/wp\/v2\/users\/1"}],"replies":[{"embeddable":true,"href":"https:\/\/sijtijarnge.no\/en\/wp-json\/wp\/v2\/comments?post=1788"}],"version-history":[{"count":7,"href":"https:\/\/sijtijarnge.no\/en\/wp-json\/wp\/v2\/pages\/1788\/revisions"}],"predecessor-version":[{"id":3586,"href":"https:\/\/sijtijarnge.no\/en\/wp-json\/wp\/v2\/pages\/1788\/revisions\/3586"}],"wp:featuredmedia":[{"embeddable":true,"href":"https:\/\/sijtijarnge.no\/en\/wp-json\/wp\/v2\/media\/1965"}],"wp:attachment":[{"href":"https:\/\/sijtijarnge.no\/en\/wp-json\/wp\/v2\/media?parent=1788"}],"curies":[{"name":"wp","href":"https:\/\/api.w.org\/{rel}","templated":true}]}}