{"id":1796,"date":"2020-08-04T11:05:47","date_gmt":"2020-08-04T09:05:47","guid":{"rendered":"http:\/\/linwp.it4u.se\/AKMC\/foretag\/?page_id=38"},"modified":"2022-05-20T13:13:48","modified_gmt":"2022-05-20T11:13:48","slug":"sorsamiske-slekter","status":"publish","type":"page","link":"https:\/\/sijtijarnge.no\/en\/kunnskapsbank\/sorsamiske-slekter\/","title":{"rendered":"S\u00f8rsamiske slekter"},"content":{"rendered":"<h2 class=\"wp-block-heading\">V\u00e4sterbotten \u2013 Helgeland<\/h2>\n\n\n\n<ul class=\"wp-block-list\"><li>Sammanst\u00e4llning av samefamiljer ur kyrkoarkiv Vefsen,&nbsp;Hattfjelldal, Mo, Hemn\u00e4s,Vilhelmina, T\u00e4rna, Stensele, Lycksele,&nbsp;\u00c5sele, Vilhelmina m.m<\/li><li>Uppgifter om samer fr\u00e5n kyrkb\u00f6cker i Norge och Sverige (F\u00f6delse&nbsp;och dopb\u00f6cker. D\u00f6d och begravningsb\u00f6cker. Konfirmation (Norge).<\/li><li>Vigda. Husf\u00f6rh\u00f6r (Sverige). In- utflyttade. Vaccination (Norge).<\/li><li>Omr\u00e5de som kartlagts \u00e4r V\u00e4sterbottens l\u00e4n i Sverige och Nordland&nbsp;(fr\u00e5n Saltfjellet till Nord-Tr\u00f6ndelag) i Norge.<\/li><li>Kompletterande uppgifter fr\u00e5n Domb\u00f6cker, Bouppteckningar,&nbsp;Resolutionskoncept (lappskattelandsinf\u00f6rsel), Pantb\u00f6cker<\/li><\/ul>\n\n\n\n<h3 class=\"wp-block-heading\">Slektstre,&nbsp;fra 1632&nbsp;og utover.&nbsp;<\/h3>\n\n\n\n<div class=\"wp-block-buttons is-layout-flex wp-block-buttons-is-layout-flex\">\n<div class=\"wp-block-button\"><a class=\"wp-block-button__link has-luminous-vivid-orange-background-color has-background\" href=\"https:\/\/sijtijarnge.no\/en\/holger\/vefslap.htm\/\" style=\"border-radius:3px\" target=\"_blank\" rel=\"noreferrer noopener\">Les mer i kyrkoarkiv \u00bb<\/a><\/div>\n<\/div>\n\n\n\n<p><\/p>","protected":false},"excerpt":{"rendered":"<p>V\u00e4sterbotten \u2013 Helgeland Sammanst\u00e4llning av samefamiljer ur kyrkoarkiv Vefsen,&nbsp;Hattfjelldal, Mo, Hemn\u00e4s,Vilhelmina, T\u00e4rna, Stensele, Lycksele,&nbsp;\u00c5sele, Vilhelmina m.m Uppgifter om samer fr\u00e5n kyrkb\u00f6cker i Norge och Sverige (F\u00f6delse&nbsp;och dopb\u00f6cker. D\u00f6d och begravningsb\u00f6cker. Konfirmation (Norge). Vigda. Husf\u00f6rh\u00f6r (Sverige). In- utflyttade. Vaccination (Norge). Omr\u00e5de som kartlagts \u00e4r V\u00e4sterbottens l\u00e4n i Sverige och Nordland&nbsp;(fr\u00e5n Saltfjellet till Nord-Tr\u00f6ndelag) i Norge. Kompletterande [&hellip;]<\/p>\n","protected":false},"author":1,"featured_media":1969,"parent":63,"menu_order":2,"comment_status":"closed","ping_status":"closed","template":"","meta":{"_genesis_hide_title":false,"_genesis_hide_breadcrumbs":false,"_genesis_hide_singular_image":false,"_genesis_hide_footer_widgets":false,"_genesis_custom_body_class":"","_genesis_custom_post_class":"","_genesis_layout":"","footnotes":""},"class_list":{"0":"post-1796","1":"page","2":"type-page","3":"status-publish","4":"has-post-thumbnail","6":"entry"},"yoast_head":"<!-- This site is optimized with the Yoast SEO plugin v27.4 - https:\/\/yoast.com\/product\/yoast-seo-wordpress\/ -->\n<title>S\u00f8rsamiske slekter - Sijtijarnge<\/title>\n<meta name=\"robots\" content=\"index, follow, max-snippet:-1, max-image-preview:large, max-video-preview:-1\" \/>\n<link rel=\"canonical\" href=\"https:\/\/sijtijarnge.no\/en\/kunnskapsbank\/sorsamiske-slekter\/\" \/>\n<meta property=\"og:locale\" content=\"en_GB\" \/>\n<meta property=\"og:type\" content=\"article\" \/>\n<meta property=\"og:title\" content=\"S\u00f8rsamiske slekter - Sijtijarnge\" \/>\n<meta property=\"og:description\" content=\"V\u00e4sterbotten \u2013 Helgeland Sammanst\u00e4llning av samefamiljer ur kyrkoarkiv Vefsen,&nbsp;Hattfjelldal, Mo, Hemn\u00e4s,Vilhelmina, T\u00e4rna, Stensele, Lycksele,&nbsp;\u00c5sele, Vilhelmina m.m Uppgifter om samer fr\u00e5n kyrkb\u00f6cker i Norge och Sverige (F\u00f6delse&nbsp;och dopb\u00f6cker. D\u00f6d och begravningsb\u00f6cker. Konfirmation (Norge). Vigda. Husf\u00f6rh\u00f6r (Sverige). In- utflyttade. Vaccination (Norge). Omr\u00e5de som kartlagts \u00e4r V\u00e4sterbottens l\u00e4n i Sverige och Nordland&nbsp;(fr\u00e5n Saltfjellet till Nord-Tr\u00f6ndelag) i Norge. Kompletterande [&hellip;]\" \/>\n<meta property=\"og:url\" content=\"https:\/\/sijtijarnge.no\/en\/kunnskapsbank\/sorsamiske-slekter\/\" \/>\n<meta property=\"og:site_name\" content=\"Sijtijarnge\" \/>\n<meta property=\"article:modified_time\" content=\"2022-05-20T11:13:48+00:00\" \/>\n<meta property=\"og:image\" content=\"https:\/\/sijtijarnge.no\/wp-content\/uploads\/2020\/11\/Sijtijarnge_Aarborte_NO_okt19_722_FullRes_CJUTSI-kopia-1024x672-1.jpeg\" \/>\n\t<meta property=\"og:image:width\" content=\"1024\" \/>\n\t<meta property=\"og:image:height\" content=\"672\" \/>\n\t<meta property=\"og:image:type\" content=\"image\/jpeg\" \/>\n<meta name=\"twitter:card\" content=\"summary_large_image\" \/>\n<meta name=\"twitter:label1\" content=\"Estimated reading time\" \/>\n\t<meta name=\"twitter:data1\" content=\"1 minute\" \/>\n<script type=\"application\/ld+json\" class=\"yoast-schema-graph\">{\"@context\":\"https:\\\/\\\/schema.org\",\"@graph\":[{\"@type\":\"WebPage\",\"@id\":\"https:\\\/\\\/sijtijarnge.no\\\/kunnskapsbank\\\/sorsamiske-slekter\\\/\",\"url\":\"https:\\\/\\\/sijtijarnge.no\\\/kunnskapsbank\\\/sorsamiske-slekter\\\/\",\"name\":\"S\u00f8rsamiske slekter - Sijtijarnge\",\"isPartOf\":{\"@id\":\"https:\\\/\\\/sijtijarnge.no\\\/nb\\\/#website\"},\"primaryImageOfPage\":{\"@id\":\"https:\\\/\\\/sijtijarnge.no\\\/kunnskapsbank\\\/sorsamiske-slekter\\\/#primaryimage\"},\"image\":{\"@id\":\"https:\\\/\\\/sijtijarnge.no\\\/kunnskapsbank\\\/sorsamiske-slekter\\\/#primaryimage\"},\"thumbnailUrl\":\"https:\\\/\\\/sijtijarnge.no\\\/wp-content\\\/uploads\\\/2020\\\/11\\\/Sijtijarnge_Aarborte_NO_okt19_722_FullRes_CJUTSI-kopia-1024x672-1.jpeg\",\"datePublished\":\"2020-08-04T09:05:47+00:00\",\"dateModified\":\"2022-05-20T11:13:48+00:00\",\"breadcrumb\":{\"@id\":\"https:\\\/\\\/sijtijarnge.no\\\/kunnskapsbank\\\/sorsamiske-slekter\\\/#breadcrumb\"},\"inLanguage\":\"en-GB\",\"potentialAction\":[{\"@type\":\"ReadAction\",\"target\":[\"https:\\\/\\\/sijtijarnge.no\\\/kunnskapsbank\\\/sorsamiske-slekter\\\/\"]}]},{\"@type\":\"ImageObject\",\"inLanguage\":\"en-GB\",\"@id\":\"https:\\\/\\\/sijtijarnge.no\\\/kunnskapsbank\\\/sorsamiske-slekter\\\/#primaryimage\",\"url\":\"https:\\\/\\\/sijtijarnge.no\\\/wp-content\\\/uploads\\\/2020\\\/11\\\/Sijtijarnge_Aarborte_NO_okt19_722_FullRes_CJUTSI-kopia-1024x672-1.jpeg\",\"contentUrl\":\"https:\\\/\\\/sijtijarnge.no\\\/wp-content\\\/uploads\\\/2020\\\/11\\\/Sijtijarnge_Aarborte_NO_okt19_722_FullRes_CJUTSI-kopia-1024x672-1.jpeg\",\"width\":1024,\"height\":672},{\"@type\":\"BreadcrumbList\",\"@id\":\"https:\\\/\\\/sijtijarnge.no\\\/kunnskapsbank\\\/sorsamiske-slekter\\\/#breadcrumb\",\"itemListElement\":[{\"@type\":\"ListItem\",\"position\":1,\"name\":\"Hjem\",\"item\":\"https:\\\/\\\/sijtijarnge.no\\\/nb\\\/\"},{\"@type\":\"ListItem\",\"position\":2,\"name\":\"Kunnskapsbank\",\"item\":\"https:\\\/\\\/sijtijarnge.no\\\/kunnskapsbank\\\/\"},{\"@type\":\"ListItem\",\"position\":3,\"name\":\"S\u00f8rsamiske slekter\"}]},{\"@type\":\"WebSite\",\"@id\":\"https:\\\/\\\/sijtijarnge.no\\\/nb\\\/#website\",\"url\":\"https:\\\/\\\/sijtijarnge.no\\\/nb\\\/\",\"name\":\"Sijtijarnge\",\"description\":\"Samisk spr\u00e5k- og kultursenter i Hattfjelldal\",\"publisher\":{\"@id\":\"https:\\\/\\\/sijtijarnge.no\\\/nb\\\/#organization\"},\"potentialAction\":[{\"@type\":\"SearchAction\",\"target\":{\"@type\":\"EntryPoint\",\"urlTemplate\":\"https:\\\/\\\/sijtijarnge.no\\\/nb\\\/?s={search_term_string}\"},\"query-input\":{\"@type\":\"PropertyValueSpecification\",\"valueRequired\":true,\"valueName\":\"search_term_string\"}}],\"inLanguage\":\"en-GB\"},{\"@type\":\"Organization\",\"@id\":\"https:\\\/\\\/sijtijarnge.no\\\/nb\\\/#organization\",\"name\":\"Sijtijarnge\",\"url\":\"https:\\\/\\\/sijtijarnge.no\\\/nb\\\/\",\"logo\":{\"@type\":\"ImageObject\",\"inLanguage\":\"en-GB\",\"@id\":\"https:\\\/\\\/sijtijarnge.no\\\/nb\\\/#\\\/schema\\\/logo\\\/image\\\/\",\"url\":\"https:\\\/\\\/sijtijarnge.no\\\/wp-content\\\/uploads\\\/2020\\\/08\\\/logo_farg_500px.png\",\"contentUrl\":\"https:\\\/\\\/sijtijarnge.no\\\/wp-content\\\/uploads\\\/2020\\\/08\\\/logo_farg_500px.png\",\"width\":500,\"height\":240,\"caption\":\"Sijtijarnge\"},\"image\":{\"@id\":\"https:\\\/\\\/sijtijarnge.no\\\/nb\\\/#\\\/schema\\\/logo\\\/image\\\/\"}}]}<\/script>\n<!-- \/ Yoast SEO plugin. -->","yoast_head_json":{"title":"S\u00f8rsamiske slekter - Sijtijarnge","robots":{"index":"index","follow":"follow","max-snippet":"max-snippet:-1","max-image-preview":"max-image-preview:large","max-video-preview":"max-video-preview:-1"},"canonical":"https:\/\/sijtijarnge.no\/en\/kunnskapsbank\/sorsamiske-slekter\/","og_locale":"en_GB","og_type":"article","og_title":"S\u00f8rsamiske slekter - Sijtijarnge","og_description":"V\u00e4sterbotten \u2013 Helgeland Sammanst\u00e4llning av samefamiljer ur kyrkoarkiv Vefsen,&nbsp;Hattfjelldal, Mo, Hemn\u00e4s,Vilhelmina, T\u00e4rna, Stensele, Lycksele,&nbsp;\u00c5sele, Vilhelmina m.m Uppgifter om samer fr\u00e5n kyrkb\u00f6cker i Norge och Sverige (F\u00f6delse&nbsp;och dopb\u00f6cker. D\u00f6d och begravningsb\u00f6cker. Konfirmation (Norge). Vigda. Husf\u00f6rh\u00f6r (Sverige). In- utflyttade. Vaccination (Norge). Omr\u00e5de som kartlagts \u00e4r V\u00e4sterbottens l\u00e4n i Sverige och Nordland&nbsp;(fr\u00e5n Saltfjellet till Nord-Tr\u00f6ndelag) i Norge. Kompletterande [&hellip;]","og_url":"https:\/\/sijtijarnge.no\/en\/kunnskapsbank\/sorsamiske-slekter\/","og_site_name":"Sijtijarnge","article_modified_time":"2022-05-20T11:13:48+00:00","og_image":[{"width":1024,"height":672,"url":"https:\/\/sijtijarnge.no\/wp-content\/uploads\/2020\/11\/Sijtijarnge_Aarborte_NO_okt19_722_FullRes_CJUTSI-kopia-1024x672-1.jpeg","type":"image\/jpeg"}],"twitter_card":"summary_large_image","twitter_misc":{"Estimated reading time":"1 minute"},"schema":{"@context":"https:\/\/schema.org","@graph":[{"@type":"WebPage","@id":"https:\/\/sijtijarnge.no\/kunnskapsbank\/sorsamiske-slekter\/","url":"https:\/\/sijtijarnge.no\/kunnskapsbank\/sorsamiske-slekter\/","name":"S\u00f8rsamiske slekter - Sijtijarnge","isPartOf":{"@id":"https:\/\/sijtijarnge.no\/nb\/#website"},"primaryImageOfPage":{"@id":"https:\/\/sijtijarnge.no\/kunnskapsbank\/sorsamiske-slekter\/#primaryimage"},"image":{"@id":"https:\/\/sijtijarnge.no\/kunnskapsbank\/sorsamiske-slekter\/#primaryimage"},"thumbnailUrl":"https:\/\/sijtijarnge.no\/wp-content\/uploads\/2020\/11\/Sijtijarnge_Aarborte_NO_okt19_722_FullRes_CJUTSI-kopia-1024x672-1.jpeg","datePublished":"2020-08-04T09:05:47+00:00","dateModified":"2022-05-20T11:13:48+00:00","breadcrumb":{"@id":"https:\/\/sijtijarnge.no\/kunnskapsbank\/sorsamiske-slekter\/#breadcrumb"},"inLanguage":"en-GB","potentialAction":[{"@type":"ReadAction","target":["https:\/\/sijtijarnge.no\/kunnskapsbank\/sorsamiske-slekter\/"]}]},{"@type":"ImageObject","inLanguage":"en-GB","@id":"https:\/\/sijtijarnge.no\/kunnskapsbank\/sorsamiske-slekter\/#primaryimage","url":"https:\/\/sijtijarnge.no\/wp-content\/uploads\/2020\/11\/Sijtijarnge_Aarborte_NO_okt19_722_FullRes_CJUTSI-kopia-1024x672-1.jpeg","contentUrl":"https:\/\/sijtijarnge.no\/wp-content\/uploads\/2020\/11\/Sijtijarnge_Aarborte_NO_okt19_722_FullRes_CJUTSI-kopia-1024x672-1.jpeg","width":1024,"height":672},{"@type":"BreadcrumbList","@id":"https:\/\/sijtijarnge.no\/kunnskapsbank\/sorsamiske-slekter\/#breadcrumb","itemListElement":[{"@type":"ListItem","position":1,"name":"Hjem","item":"https:\/\/sijtijarnge.no\/nb\/"},{"@type":"ListItem","position":2,"name":"Kunnskapsbank","item":"https:\/\/sijtijarnge.no\/kunnskapsbank\/"},{"@type":"ListItem","position":3,"name":"S\u00f8rsamiske slekter"}]},{"@type":"WebSite","@id":"https:\/\/sijtijarnge.no\/nb\/#website","url":"https:\/\/sijtijarnge.no\/nb\/","name":"Sijtijarnge","description":"Sami language and culture center in Hattfjelldal","publisher":{"@id":"https:\/\/sijtijarnge.no\/nb\/#organization"},"potentialAction":[{"@type":"SearchAction","target":{"@type":"EntryPoint","urlTemplate":"https:\/\/sijtijarnge.no\/nb\/?s={search_term_string}"},"query-input":{"@type":"PropertyValueSpecification","valueRequired":true,"valueName":"search_term_string"}}],"inLanguage":"en-GB"},{"@type":"Organization","@id":"https:\/\/sijtijarnge.no\/nb\/#organization","name":"Sijtijarnge","url":"https:\/\/sijtijarnge.no\/nb\/","logo":{"@type":"ImageObject","inLanguage":"en-GB","@id":"https:\/\/sijtijarnge.no\/nb\/#\/schema\/logo\/image\/","url":"https:\/\/sijtijarnge.no\/wp-content\/uploads\/2020\/08\/logo_farg_500px.png","contentUrl":"https:\/\/sijtijarnge.no\/wp-content\/uploads\/2020\/08\/logo_farg_500px.png","width":500,"height":240,"caption":"Sijtijarnge"},"image":{"@id":"https:\/\/sijtijarnge.no\/nb\/#\/schema\/logo\/image\/"}}]}},"featured_image_src":"https:\/\/sijtijarnge.no\/wp-content\/uploads\/2020\/11\/Sijtijarnge_Aarborte_NO_okt19_722_FullRes_CJUTSI-kopia-1024x672-1.jpeg","featured_image_src_square":"https:\/\/sijtijarnge.no\/wp-content\/uploads\/2020\/11\/Sijtijarnge_Aarborte_NO_okt19_722_FullRes_CJUTSI-kopia-1024x672-1.jpeg","_links":{"self":[{"href":"https:\/\/sijtijarnge.no\/en\/wp-json\/wp\/v2\/pages\/1796","targetHints":{"allow":["GET"]}}],"collection":[{"href":"https:\/\/sijtijarnge.no\/en\/wp-json\/wp\/v2\/pages"}],"about":[{"href":"https:\/\/sijtijarnge.no\/en\/wp-json\/wp\/v2\/types\/page"}],"author":[{"embeddable":true,"href":"https:\/\/sijtijarnge.no\/en\/wp-json\/wp\/v2\/users\/1"}],"replies":[{"embeddable":true,"href":"https:\/\/sijtijarnge.no\/en\/wp-json\/wp\/v2\/comments?post=1796"}],"version-history":[{"count":7,"href":"https:\/\/sijtijarnge.no\/en\/wp-json\/wp\/v2\/pages\/1796\/revisions"}],"predecessor-version":[{"id":3334,"href":"https:\/\/sijtijarnge.no\/en\/wp-json\/wp\/v2\/pages\/1796\/revisions\/3334"}],"up":[{"embeddable":true,"href":"https:\/\/sijtijarnge.no\/en\/wp-json\/wp\/v2\/pages\/63"}],"wp:featuredmedia":[{"embeddable":true,"href":"https:\/\/sijtijarnge.no\/en\/wp-json\/wp\/v2\/media\/1969"}],"wp:attachment":[{"href":"https:\/\/sijtijarnge.no\/en\/wp-json\/wp\/v2\/media?parent=1796"}],"curies":[{"name":"wp","href":"https:\/\/api.w.org\/{rel}","templated":true}]}}