{"id":1787,"date":"2020-08-04T11:05:47","date_gmt":"2020-08-04T09:05:47","guid":{"rendered":"http:\/\/linwp.it4u.se\/AKMC\/foretag\/?page_id=34"},"modified":"2024-12-19T12:28:47","modified_gmt":"2024-12-19T11:28:47","slug":"aktiviteter","status":"publish","type":"page","link":"https:\/\/sijtijarnge.no\/nb\/aktiviteter\/","title":{"rendered":"Aktuelt"},"content":{"rendered":"\n<h2 class=\"wp-block-heading\"><strong>Lahkoe j\u00e5vlh j\u00efh buerie orre jaepie 2025 !<\/strong><\/h2>\n\n\n\n<div class=\"wp-block-group\"><div class=\"wp-block-group__inner-container is-layout-constrained wp-block-group-is-layout-constrained\">\n<div class=\"wp-block-genesis-blocks-gb-columns gb-layout-columns-2 gb-2-col-wideleft\"><div class=\"gb-layout-column-wrap gb-block-layout-column-gap-2 gb-is-responsive-column\">\n<div class=\"wp-block-genesis-blocks-gb-column gb-block-layout-column\"><div class=\"gb-block-layout-column-inner\">\n<p><\/p>\n\n\n<section class=\"gb-block-post-grid featuredpost aligncenter\"><div class=\"gb-post-grid-items is-list\"><article id=\"post-4100\" class=\"gb-post-grid-item post-4100 post type-post status-publish format-standard has-post-thumbnail category-aktuelt entry\"><div class=\"gb-block-post-grid-image\"><a href=\"https:\/\/sijtijarnge.no\/nb\/ditniekuvsje-10-12n-voertjen-2026\/\" rel=\"bookmark\" aria-hidden=\"true\" tabindex=\"-1\"><img loading=\"lazy\" decoding=\"async\" width=\"600\" height=\"600\" src=\"https:\/\/sijtijarnge.no\/wp-content\/uploads\/2026\/03\/Forsidebilde-Arrangement-600x600.jpg\" class=\"attachment-gb-block-post-grid-square size-gb-block-post-grid-square\" alt=\"\" srcset=\"https:\/\/sijtijarnge.no\/wp-content\/uploads\/2026\/03\/Forsidebilde-Arrangement-600x600.jpg 600w, https:\/\/sijtijarnge.no\/wp-content\/uploads\/2026\/03\/Forsidebilde-Arrangement-150x150.jpg 150w, https:\/\/sijtijarnge.no\/wp-content\/uploads\/2026\/03\/Forsidebilde-Arrangement-300x300.jpg 300w, https:\/\/sijtijarnge.no\/wp-content\/uploads\/2026\/03\/Forsidebilde-Arrangement-100x100.jpg 100w\" sizes=\"auto, (max-width: 600px) 100vw, 600px\" \/><\/a><\/div><div class=\"gb-block-post-grid-text\"><header class=\"gb-block-post-grid-header\"><h3 class=\"gb-block-post-grid-title\"><a href=\"https:\/\/sijtijarnge.no\/nb\/ditniekuvsje-10-12n-voertjen-2026\/\" rel=\"bookmark\">Ditniekuvsje 10-12:n Voertjen 2026<\/a><\/h3><div class=\"gb-block-post-grid-byline\"><time datetime=\"2026-03-20T10:47:25+01:00\" class=\"gb-block-post-grid-date\" itemprop=\"datePublished\">mars 20, 2026<\/time><\/div><\/header><div class=\"gb-block-post-grid-excerpt\"><p><a class=\"gb-block-post-grid-more-link gb-text-link\" href=\"https:\/\/sijtijarnge.no\/nb\/ditniekuvsje-10-12n-voertjen-2026\/\" rel=\"bookmark\">Les mer <span class=\"screen-reader-text\">Ditniekuvsje 10-12:n Voertjen 2026<\/span><\/a><\/p><\/div><\/div><\/article>\n<article id=\"post-4075\" class=\"gb-post-grid-item post-4075 post type-post status-publish format-standard has-post-thumbnail category-aktuelt entry\"><div class=\"gb-block-post-grid-image\"><a href=\"https:\/\/sijtijarnge.no\/nb\/noeri-faamoe-pamelding\/\" rel=\"bookmark\" aria-hidden=\"true\" tabindex=\"-1\"><img loading=\"lazy\" decoding=\"async\" width=\"600\" height=\"503\" src=\"https:\/\/sijtijarnge.no\/wp-content\/uploads\/2026\/02\/Noeri-F-2-600x503.jpg\" class=\"attachment-gb-block-post-grid-square size-gb-block-post-grid-square\" alt=\"\" \/><\/a><\/div><div class=\"gb-block-post-grid-text\"><header class=\"gb-block-post-grid-header\"><h3 class=\"gb-block-post-grid-title\"><a href=\"https:\/\/sijtijarnge.no\/nb\/noeri-faamoe-pamelding\/\" rel=\"bookmark\">Noeri Faamoe &#8211; bli med!<\/a><\/h3><div class=\"gb-block-post-grid-byline\"><time datetime=\"2026-02-20T11:16:02+01:00\" class=\"gb-block-post-grid-date\" itemprop=\"datePublished\">februar 20, 2026<\/time><\/div><\/header><div class=\"gb-block-post-grid-excerpt\"><p>P\u00e5meldingsfrist 1.mars P\u00e5meldingslink: https:\/\/event.checkin.no\/217889\/noerifaamoe-fremtidsmesse Noeri faamoe er en fremtidsmesse for s\u00f8rsamisk ungdom og unge voksne i alderen 16\u201335\u00e5r. Messa er en arena for inspirasjon, utforsking og fellesskap \u2013 der samisk spr\u00e5k, kultur ogtilh\u00f8righet st\u00e5r i sentrum, samtidig som blikket er rettet mot framtidas muligheter. Enten du st\u00e5r midt i et utdanningsvalg, vurderer nye retninger i&hellip;<\/p>\n<p><a class=\"gb-block-post-grid-more-link gb-text-link\" href=\"https:\/\/sijtijarnge.no\/nb\/noeri-faamoe-pamelding\/\" rel=\"bookmark\">Les mer <span class=\"screen-reader-text\">Noeri Faamoe &#8211; bli med!<\/span><\/a><\/p><\/div><\/div><\/article>\n<article id=\"post-4065\" class=\"gb-post-grid-item post-4065 post type-post status-publish format-standard has-post-thumbnail category-aktuelt entry\"><div class=\"gb-block-post-grid-image\"><a href=\"https:\/\/sijtijarnge.no\/nb\/sjalkurs\/\" rel=\"bookmark\" aria-hidden=\"true\" tabindex=\"-1\"><img loading=\"lazy\" decoding=\"async\" width=\"600\" height=\"600\" src=\"https:\/\/sijtijarnge.no\/wp-content\/uploads\/2026\/02\/Annonse_kurs_sjal-1-600x600.jpg\" class=\"attachment-gb-block-post-grid-square size-gb-block-post-grid-square\" alt=\"\" srcset=\"https:\/\/sijtijarnge.no\/wp-content\/uploads\/2026\/02\/Annonse_kurs_sjal-1-600x600.jpg 600w, https:\/\/sijtijarnge.no\/wp-content\/uploads\/2026\/02\/Annonse_kurs_sjal-1-150x150.jpg 150w, https:\/\/sijtijarnge.no\/wp-content\/uploads\/2026\/02\/Annonse_kurs_sjal-1-12x12.jpg 12w, https:\/\/sijtijarnge.no\/wp-content\/uploads\/2026\/02\/Annonse_kurs_sjal-1-300x300.jpg 300w, https:\/\/sijtijarnge.no\/wp-content\/uploads\/2026\/02\/Annonse_kurs_sjal-1-100x100.jpg 100w\" sizes=\"auto, (max-width: 600px) 100vw, 600px\" \/><\/a><\/div><div class=\"gb-block-post-grid-text\"><header class=\"gb-block-post-grid-header\"><h3 class=\"gb-block-post-grid-title\"><a href=\"https:\/\/sijtijarnge.no\/nb\/sjalkurs\/\" rel=\"bookmark\">Sjalfrynsekurs i Grane ungdomshus<\/a><\/h3><div class=\"gb-block-post-grid-byline\"><time datetime=\"2026-02-03T08:46:22+01:00\" class=\"gb-block-post-grid-date\" itemprop=\"datePublished\">februar 3, 2026<\/time><\/div><\/header><div class=\"gb-block-post-grid-excerpt\"><p>Velkommen!<\/p>\n<p><a class=\"gb-block-post-grid-more-link gb-text-link\" href=\"https:\/\/sijtijarnge.no\/nb\/sjalkurs\/\" rel=\"bookmark\">Les mer <span class=\"screen-reader-text\">Sjalfrynsekurs i Grane ungdomshus<\/span><\/a><\/p><\/div><\/div><\/article>\n<article id=\"post-4061\" class=\"gb-post-grid-item post-4061 post type-post status-publish format-standard has-post-thumbnail category-aktuelt entry\"><div class=\"gb-block-post-grid-image\"><a href=\"https:\/\/sijtijarnge.no\/nb\/noeri-faamoe-fremtidsmesse-2026\/\" rel=\"bookmark\" aria-hidden=\"true\" tabindex=\"-1\"><img loading=\"lazy\" decoding=\"async\" width=\"600\" height=\"600\" src=\"https:\/\/sijtijarnge.no\/wp-content\/uploads\/2026\/02\/noeri-faamoe-600x600.jpg\" class=\"attachment-gb-block-post-grid-square size-gb-block-post-grid-square\" alt=\"\" srcset=\"https:\/\/sijtijarnge.no\/wp-content\/uploads\/2026\/02\/noeri-faamoe-600x600.jpg 600w, https:\/\/sijtijarnge.no\/wp-content\/uploads\/2026\/02\/noeri-faamoe-150x150.jpg 150w, https:\/\/sijtijarnge.no\/wp-content\/uploads\/2026\/02\/noeri-faamoe-300x300.jpg 300w, https:\/\/sijtijarnge.no\/wp-content\/uploads\/2026\/02\/noeri-faamoe-100x100.jpg 100w\" sizes=\"auto, (max-width: 600px) 100vw, 600px\" \/><\/a><\/div><div class=\"gb-block-post-grid-text\"><header class=\"gb-block-post-grid-header\"><h3 class=\"gb-block-post-grid-title\"><a href=\"https:\/\/sijtijarnge.no\/nb\/noeri-faamoe-fremtidsmesse-2026\/\" rel=\"bookmark\">Noeri faamoe \/ fremtidsmesse 2026<\/a><\/h3><div class=\"gb-block-post-grid-byline\"><time datetime=\"2026-02-03T08:44:31+01:00\" class=\"gb-block-post-grid-date\" itemprop=\"datePublished\">februar 3, 2026<\/time><\/div><\/header><div class=\"gb-block-post-grid-excerpt\"><p>Noeri faamoe &#8211; fremtidsmessa skal styrke samisk ungdoms identitet, framtidstro og medvirkning i det s\u00f8rsamiske omr\u00e5det. Her skal unge f\u00e5 utforske sine muligheter innen utdanning, kultur og n\u00e6ring &#8211; med samisk spr\u00e5k og kultur som ressurs og grunnlag. Hver eneste ungdom teller, uavhengig av om de dr\u00f8mmer om \u00e5 bli forsker, h\u00e5ndverker, reindriftsut\u00f8ver, l\u00e6rer, sykepleier&hellip;<\/p>\n<p><a class=\"gb-block-post-grid-more-link gb-text-link\" href=\"https:\/\/sijtijarnge.no\/nb\/noeri-faamoe-fremtidsmesse-2026\/\" rel=\"bookmark\">Les mer <span class=\"screen-reader-text\">Noeri faamoe \/ fremtidsmesse 2026<\/span><\/a><\/p><\/div><\/div><\/article>\n<article id=\"post-4058\" class=\"gb-post-grid-item post-4058 post type-post status-publish format-standard category-aktuelt entry has-post-thumbnail\"><div class=\"gb-block-post-grid-text\"><header class=\"gb-block-post-grid-header\"><h3 class=\"gb-block-post-grid-title\"><a href=\"https:\/\/sijtijarnge.no\/nb\/velkommen-til-feiring-av-samefolkets-dag-i-hattfjelldal-kommune\/\" rel=\"bookmark\">Velkommen til feiring av Samefolkets dag i Hattfjelldal kommune!<\/a><\/h3><div class=\"gb-block-post-grid-byline\"><time datetime=\"2026-01-29T14:48:53+01:00\" class=\"gb-block-post-grid-date\" itemprop=\"datePublished\">januar 29, 2026<\/time><\/div><\/header><div class=\"gb-block-post-grid-excerpt\"><p><a class=\"gb-block-post-grid-more-link gb-text-link\" href=\"https:\/\/sijtijarnge.no\/nb\/velkommen-til-feiring-av-samefolkets-dag-i-hattfjelldal-kommune\/\" rel=\"bookmark\">Les mer <span class=\"screen-reader-text\">Velkommen til feiring av Samefolkets dag i Hattfjelldal kommune!<\/span><\/a><\/p><\/div><\/div><\/article>\n<article id=\"post-4055\" class=\"gb-post-grid-item post-4055 post type-post status-publish format-standard category-aktuelt entry has-post-thumbnail\"><div class=\"gb-block-post-grid-text\"><header class=\"gb-block-post-grid-header\"><h3 class=\"gb-block-post-grid-title\"><a href=\"https:\/\/sijtijarnge.no\/nb\/buerie-baeteme-saemiej-aalmehbiejjiem-heevetidh-aarborten-tjieltesne\/\" rel=\"bookmark\">Buerie b\u00e5eteme Saemiej \u00e5\u00e5lmehbiejjiem heevetidh Aarborten tj\u00efeltesne!<\/a><\/h3><div class=\"gb-block-post-grid-byline\"><time datetime=\"2026-01-29T14:43:30+01:00\" class=\"gb-block-post-grid-date\" itemprop=\"datePublished\">januar 29, 2026<\/time><\/div><\/header><div class=\"gb-block-post-grid-excerpt\"><p><a class=\"gb-block-post-grid-more-link gb-text-link\" href=\"https:\/\/sijtijarnge.no\/nb\/buerie-baeteme-saemiej-aalmehbiejjiem-heevetidh-aarborten-tjieltesne\/\" rel=\"bookmark\">Les mer <span class=\"screen-reader-text\">Buerie b\u00e5eteme Saemiej \u00e5\u00e5lmehbiejjiem heevetidh Aarborten tj\u00efeltesne!<\/span><\/a><\/p><\/div><\/div><\/article>\n<\/div><\/section><\/div><\/div>\n\n\n\n<div class=\"wp-block-genesis-blocks-gb-column gb-block-layout-column\"><div class=\"gb-block-layout-column-inner\">\n<div class=\"wp-block-genesis-blocks-gb-columns gb-layout-columns-1 one-column\" style=\"padding:28px\"><div class=\"gb-layout-column-wrap gb-block-layout-column-gap-2 gb-is-responsive-column\">\n<div class=\"wp-block-genesis-blocks-gb-column gb-block-layout-column\"><div class=\"gb-block-layout-column-inner gb-has-custom-background-color\" style=\"padding:13px;background-color:#e9e9e9\">\n<div class=\"wp-block-group\"><div class=\"wp-block-group__inner-container is-layout-constrained wp-block-group-is-layout-constrained\">\n<h4 class=\"wp-block-heading\">E-POST LISTE<\/h4>\n\n\n\n<p>Vi holder for tiden p\u00e5 med \u00e5 opprette en epostliste slik at vi kan sende jevnlig oppdatering p\u00e5 hva som skjer\/skal skje p\u00e5 Sijti Jarnge. \u00d8nsker du \u00e5 v\u00e6re med p\u00e5 den?<\/p>\n\n\n<div class=\"frm_forms  with_frm_style frm_style_formidable-style\" id=\"frm_form_2_container\" >\n<form enctype=\"multipart\/form-data\" method=\"post\" class=\"frm-show-form \" id=\"form_e-postliste\" >\n<div class=\"frm_form_fields \">\n<fieldset>\n<legend class=\"frm_screen_reader\">E-postliste<\/legend>\r\n\r\n<div class=\"frm_fields_container\">\n<input type=\"hidden\" name=\"frm_action\" value=\"create\" \/>\n<input type=\"hidden\" name=\"form_id\" value=\"2\" \/>\n<input type=\"hidden\" name=\"frm_hide_fields_2\" id=\"frm_hide_fields_2\" value=\"\" \/>\n<input type=\"hidden\" name=\"form_key\" value=\"e-postliste\" \/>\n<input type=\"hidden\" name=\"item_meta[0]\" value=\"\" \/>\n<input type=\"hidden\" id=\"frm_submit_entry_2\" name=\"frm_submit_entry_2\" value=\"18c5d397a5\" \/><input type=\"hidden\" name=\"_wp_http_referer\" value=\"\/nb\/wp-json\/wp\/v2\/pages\/1787\" \/><div id=\"frm_field_11_container\" class=\"frm_form_field form-field  frm_top_container frm12 frm_first\">\r\n    <div  id=\"field_mkehk_label\" class=\"frm_primary_label\">Name\r\n        <span class=\"frm_required\" aria-hidden=\"true\"><\/span>\r\n    <\/div>\r\n    <fieldset aria-labelledby=\"field_mkehk_label\">\n\t<legend class=\"frm_screen_reader frm_hidden\">\n\t\tName\t<\/legend>\n\n\t<div  class=\"frm_combo_inputs_container\" id=\"frm_combo_inputs_container_11\" data-name-layout=\"first_last\">\n\t\t\t\t\t<div\n\t\t\t\tid=\"frm_field_11-first_container\"\n\t\t\t\tclass=\"frm_form_field form-field frm_form_subfield-first  frm6\"\n\t\t\t\tdata-sub-field-name=\"first\"\n\t\t\t>\n\t\t\t\t<label for=\"field_mkehk_first\" class=\"frm_screen_reader frm_hidden\">\n\t\t\t\t\tF\u00f8rste\t\t\t\t<\/label>\n\n\t\t\t\t<input  type=\"text\" id=\"field_mkehk_first\" value=\"\" name=\"item_meta[11][first]\" autocomplete=\"given-name\" data-invmsg=\"Name is invalid\" aria-invalid=\"false\"  \/><div class=\"frm_description\" id=\"frm_field_11_first_desc\">F\u00f8rste<\/div>\t\t\t<\/div>\n\t\t\t\t\t\t<div\n\t\t\t\tid=\"frm_field_11-last_container\"\n\t\t\t\tclass=\"frm_form_field form-field frm_form_subfield-last  frm6\"\n\t\t\t\tdata-sub-field-name=\"last\"\n\t\t\t>\n\t\t\t\t<label for=\"field_mkehk_last\" class=\"frm_screen_reader frm_hidden\">\n\t\t\t\t\tEtternavn\t\t\t\t<\/label>\n\n\t\t\t\t<input  type=\"text\" id=\"field_mkehk_last\" value=\"\" name=\"item_meta[11][last]\" autocomplete=\"family-name\" data-invmsg=\"Name is invalid\" aria-invalid=\"false\"  \/><div class=\"frm_description\" id=\"frm_field_11_last_desc\">Etternavn<\/div>\t\t\t<\/div>\n\t\t\t\t<\/div>\n<\/fieldset>\n\r\n    \r\n    \r\n<\/div>\n<div id=\"frm_field_12_container\" class=\"frm_form_field form-field  frm_top_container frm12 frm_first\">\r\n    <label for=\"field_eeed6\" id=\"field_eeed6_label\" class=\"frm_primary_label\">E-post\r\n        <span class=\"frm_required\" aria-hidden=\"true\"><\/span>\r\n    <\/label>\r\n    <input type=\"email\" id=\"field_eeed6\" name=\"item_meta[12]\" value=\"\"  data-invmsg=\"E-post is invalid\" aria-invalid=\"false\"  \/>\r\n    \r\n    \r\n<\/div>\n<div id=\"frm_field_13_container\" class=\"frm_form_field form-field \">\n\t<div class=\"frm_submit\">\r\n\r\n<button class=\"frm_button_submit\" type=\"submit\"  >Sende<\/button>\r\n\r\n\r\n<\/div>\n<\/div>\n\t<input type=\"hidden\" name=\"item_key\" value=\"\" \/>\n\t\t\t<div id=\"frm_field_15_container\">\n\t\t\t<label for=\"field_ee3mf\" >\n\t\t\t\tIf you are human, leave this field blank.\t\t\t<\/label>\n\t\t\t<input  id=\"field_ee3mf\" type=\"text\" class=\"frm_form_field form-field frm_verify\" name=\"item_meta[15]\" value=\"\"  \/>\n\t\t<\/div>\n\t\t<input name=\"frm_state\" type=\"hidden\" value=\"VBqHPbbyOzXzYMfaV3suVvJdDHcvQJjVK0UtMmthSxA=\" \/><\/div>\n<\/fieldset>\n<\/div>\n\n<p style=\"display: none !important;\" class=\"akismet-fields-container\" data-prefix=\"ak_\"><label>&#916;<textarea name=\"ak_hp_textarea\" cols=\"45\" rows=\"8\" maxlength=\"100\"><\/textarea><\/label><input type=\"hidden\" id=\"ak_js_1\" name=\"ak_js\" value=\"100\"\/><script>document.getElementById( \"ak_js_1\" ).setAttribute( \"value\", ( new Date() ).getTime() );<\/script><\/p><\/form>\n<\/div>\n<\/div><\/div>\n<\/div><\/div>\n<\/div><\/div>\n<\/div><\/div>\n<\/div><\/div>\n<\/div><\/div>\n\n\n\n<p><\/p>\n","protected":false},"excerpt":{"rendered":"<p>Lahkoe j\u00e5vlh j\u00efh buerie orre jaepie 2025 !<\/p>\n","protected":false},"author":1,"featured_media":0,"parent":0,"menu_order":0,"comment_status":"closed","ping_status":"closed","template":"","meta":{"_genesis_hide_title":false,"_genesis_hide_breadcrumbs":false,"_genesis_hide_singular_image":false,"_genesis_hide_footer_widgets":false,"_genesis_custom_body_class":"","_genesis_custom_post_class":"","_genesis_layout":"","footnotes":""},"class_list":{"0":"post-1787","1":"page","2":"type-page","3":"status-publish","5":"entry"},"yoast_head":"<!-- This site is optimized with the Yoast SEO plugin v27.4 - https:\/\/yoast.com\/product\/yoast-seo-wordpress\/ -->\n<title>Aktuelt - Sijtijarnge<\/title>\n<meta name=\"robots\" content=\"index, follow, max-snippet:-1, max-image-preview:large, max-video-preview:-1\" \/>\n<link rel=\"canonical\" href=\"https:\/\/sijtijarnge.no\/nb\/aktiviteter\/\" \/>\n<meta property=\"og:locale\" content=\"nb_NO\" \/>\n<meta property=\"og:type\" content=\"article\" \/>\n<meta property=\"og:title\" content=\"Aktuelt - Sijtijarnge\" \/>\n<meta property=\"og:description\" content=\"Lahkoe j\u00e5vlh j\u00efh buerie orre jaepie 2025 !\" \/>\n<meta property=\"og:url\" content=\"https:\/\/sijtijarnge.no\/nb\/aktiviteter\/\" \/>\n<meta property=\"og:site_name\" content=\"Sijtijarnge\" \/>\n<meta property=\"article:modified_time\" content=\"2024-12-19T11:28:47+00:00\" \/>\n<meta name=\"twitter:card\" content=\"summary_large_image\" \/>\n<meta name=\"twitter:label1\" content=\"Ansl. lesetid\" \/>\n\t<meta name=\"twitter:data1\" content=\"1 minutt\" \/>\n<script type=\"application\/ld+json\" class=\"yoast-schema-graph\">{\"@context\":\"https:\\\/\\\/schema.org\",\"@graph\":[{\"@type\":\"WebPage\",\"@id\":\"https:\\\/\\\/sijtijarnge.no\\\/aktiviteter\\\/\",\"url\":\"https:\\\/\\\/sijtijarnge.no\\\/aktiviteter\\\/\",\"name\":\"Aktuelt - Sijtijarnge\",\"isPartOf\":{\"@id\":\"https:\\\/\\\/sijtijarnge.no\\\/nb\\\/#website\"},\"datePublished\":\"2020-08-04T09:05:47+00:00\",\"dateModified\":\"2024-12-19T11:28:47+00:00\",\"breadcrumb\":{\"@id\":\"https:\\\/\\\/sijtijarnge.no\\\/aktiviteter\\\/#breadcrumb\"},\"inLanguage\":\"nb-NO\",\"potentialAction\":[{\"@type\":\"ReadAction\",\"target\":[\"https:\\\/\\\/sijtijarnge.no\\\/aktiviteter\\\/\"]}]},{\"@type\":\"BreadcrumbList\",\"@id\":\"https:\\\/\\\/sijtijarnge.no\\\/aktiviteter\\\/#breadcrumb\",\"itemListElement\":[{\"@type\":\"ListItem\",\"position\":1,\"name\":\"Hjem\",\"item\":\"https:\\\/\\\/sijtijarnge.no\\\/nb\\\/\"},{\"@type\":\"ListItem\",\"position\":2,\"name\":\"Aktuelt\"}]},{\"@type\":\"WebSite\",\"@id\":\"https:\\\/\\\/sijtijarnge.no\\\/nb\\\/#website\",\"url\":\"https:\\\/\\\/sijtijarnge.no\\\/nb\\\/\",\"name\":\"Sijtijarnge\",\"description\":\"Samisk spr\u00e5k- og kultursenter i Hattfjelldal\",\"publisher\":{\"@id\":\"https:\\\/\\\/sijtijarnge.no\\\/nb\\\/#organization\"},\"potentialAction\":[{\"@type\":\"SearchAction\",\"target\":{\"@type\":\"EntryPoint\",\"urlTemplate\":\"https:\\\/\\\/sijtijarnge.no\\\/nb\\\/?s={search_term_string}\"},\"query-input\":{\"@type\":\"PropertyValueSpecification\",\"valueRequired\":true,\"valueName\":\"search_term_string\"}}],\"inLanguage\":\"nb-NO\"},{\"@type\":\"Organization\",\"@id\":\"https:\\\/\\\/sijtijarnge.no\\\/nb\\\/#organization\",\"name\":\"Sijtijarnge\",\"url\":\"https:\\\/\\\/sijtijarnge.no\\\/nb\\\/\",\"logo\":{\"@type\":\"ImageObject\",\"inLanguage\":\"nb-NO\",\"@id\":\"https:\\\/\\\/sijtijarnge.no\\\/nb\\\/#\\\/schema\\\/logo\\\/image\\\/\",\"url\":\"https:\\\/\\\/sijtijarnge.no\\\/wp-content\\\/uploads\\\/2020\\\/08\\\/logo_farg_500px.png\",\"contentUrl\":\"https:\\\/\\\/sijtijarnge.no\\\/wp-content\\\/uploads\\\/2020\\\/08\\\/logo_farg_500px.png\",\"width\":500,\"height\":240,\"caption\":\"Sijtijarnge\"},\"image\":{\"@id\":\"https:\\\/\\\/sijtijarnge.no\\\/nb\\\/#\\\/schema\\\/logo\\\/image\\\/\"}}]}<\/script>\n<!-- \/ Yoast SEO plugin. -->","yoast_head_json":{"title":"Aktuelt - Sijtijarnge","robots":{"index":"index","follow":"follow","max-snippet":"max-snippet:-1","max-image-preview":"max-image-preview:large","max-video-preview":"max-video-preview:-1"},"canonical":"https:\/\/sijtijarnge.no\/nb\/aktiviteter\/","og_locale":"nb_NO","og_type":"article","og_title":"Aktuelt - Sijtijarnge","og_description":"Lahkoe j\u00e5vlh j\u00efh buerie orre jaepie 2025 !","og_url":"https:\/\/sijtijarnge.no\/nb\/aktiviteter\/","og_site_name":"Sijtijarnge","article_modified_time":"2024-12-19T11:28:47+00:00","twitter_card":"summary_large_image","twitter_misc":{"Ansl. lesetid":"1 minutt"},"schema":{"@context":"https:\/\/schema.org","@graph":[{"@type":"WebPage","@id":"https:\/\/sijtijarnge.no\/aktiviteter\/","url":"https:\/\/sijtijarnge.no\/aktiviteter\/","name":"Aktuelt - Sijtijarnge","isPartOf":{"@id":"https:\/\/sijtijarnge.no\/nb\/#website"},"datePublished":"2020-08-04T09:05:47+00:00","dateModified":"2024-12-19T11:28:47+00:00","breadcrumb":{"@id":"https:\/\/sijtijarnge.no\/aktiviteter\/#breadcrumb"},"inLanguage":"nb-NO","potentialAction":[{"@type":"ReadAction","target":["https:\/\/sijtijarnge.no\/aktiviteter\/"]}]},{"@type":"BreadcrumbList","@id":"https:\/\/sijtijarnge.no\/aktiviteter\/#breadcrumb","itemListElement":[{"@type":"ListItem","position":1,"name":"Hjem","item":"https:\/\/sijtijarnge.no\/nb\/"},{"@type":"ListItem","position":2,"name":"Aktuelt"}]},{"@type":"WebSite","@id":"https:\/\/sijtijarnge.no\/nb\/#website","url":"https:\/\/sijtijarnge.no\/nb\/","name":"Sijtijarnge","description":"Samisk spr\u00e5k- og kultursenter i Hattfjelldal","publisher":{"@id":"https:\/\/sijtijarnge.no\/nb\/#organization"},"potentialAction":[{"@type":"SearchAction","target":{"@type":"EntryPoint","urlTemplate":"https:\/\/sijtijarnge.no\/nb\/?s={search_term_string}"},"query-input":{"@type":"PropertyValueSpecification","valueRequired":true,"valueName":"search_term_string"}}],"inLanguage":"nb-NO"},{"@type":"Organization","@id":"https:\/\/sijtijarnge.no\/nb\/#organization","name":"Sijtijarnge","url":"https:\/\/sijtijarnge.no\/nb\/","logo":{"@type":"ImageObject","inLanguage":"nb-NO","@id":"https:\/\/sijtijarnge.no\/nb\/#\/schema\/logo\/image\/","url":"https:\/\/sijtijarnge.no\/wp-content\/uploads\/2020\/08\/logo_farg_500px.png","contentUrl":"https:\/\/sijtijarnge.no\/wp-content\/uploads\/2020\/08\/logo_farg_500px.png","width":500,"height":240,"caption":"Sijtijarnge"},"image":{"@id":"https:\/\/sijtijarnge.no\/nb\/#\/schema\/logo\/image\/"}}]}},"featured_image_src":null,"featured_image_src_square":null,"_links":{"self":[{"href":"https:\/\/sijtijarnge.no\/nb\/wp-json\/wp\/v2\/pages\/1787","targetHints":{"allow":["GET"]}}],"collection":[{"href":"https:\/\/sijtijarnge.no\/nb\/wp-json\/wp\/v2\/pages"}],"about":[{"href":"https:\/\/sijtijarnge.no\/nb\/wp-json\/wp\/v2\/types\/page"}],"author":[{"embeddable":true,"href":"https:\/\/sijtijarnge.no\/nb\/wp-json\/wp\/v2\/users\/1"}],"replies":[{"embeddable":true,"href":"https:\/\/sijtijarnge.no\/nb\/wp-json\/wp\/v2\/comments?post=1787"}],"version-history":[{"count":8,"href":"https:\/\/sijtijarnge.no\/nb\/wp-json\/wp\/v2\/pages\/1787\/revisions"}],"predecessor-version":[{"id":3901,"href":"https:\/\/sijtijarnge.no\/nb\/wp-json\/wp\/v2\/pages\/1787\/revisions\/3901"}],"wp:attachment":[{"href":"https:\/\/sijtijarnge.no\/nb\/wp-json\/wp\/v2\/media?parent=1787"}],"curies":[{"name":"wp","href":"https:\/\/api.w.org\/{rel}","templated":true}]}}