{"id":1980,"date":"2020-11-11T09:11:46","date_gmt":"2020-11-11T09:11:46","guid":{"rendered":"https:\/\/sijtijarnge.no.loopiadns.com\/?page_id=1980"},"modified":"2020-11-11T09:13:38","modified_gmt":"2020-11-11T09:13:38","slug":"historikk-og-lokalisering","status":"publish","type":"page","link":"https:\/\/sijtijarnge.no\/nb\/huset\/historikk-og-lokalisering\/","title":{"rendered":"Historikk og lokalisering"},"content":{"rendered":"\n<h3 class=\"wp-block-heading\"><strong>Historikk<\/strong><\/h3>\n\n\n\n<p>Tanken om et kultursenter i Hattfjelldal ble lansert p\u00e5 et m\u00f8te som Nordisk Samer\u00e5d hadde i Utsjoki i mars 1972.<\/p>\n\n\n\n<p>Den 18. oktober 1973 s\u00f8kte Tilsynsr\u00e5det og Foreldrer\u00e5dets arbeidsutvalg ved Sameskolen om midler til et forprosjekt som skulle danne grunnlaget for en finansieringsplan for reisning av et senter.<\/p>\n\n\n\n<p>Under et fellesm\u00f8te 24. april 1975, mellom tilsynsr\u00e5det, foreldrer\u00e5dets arbeidsutvalg og Helgeland Samiid S\u00e6rvi ble det nedsatt et arbeidsutvalg som fikk i oppdrag \u00e5 forest\u00e5 planlegging av et kultursenter. Utvalget besto av Odd Kappfjell, Anna Jacobsen og Lars Dunfjeld. Utvalgets innstilling, som ble framlagt i oktober 1976, kom til \u00e5 danne basis for s\u00e5vel arkitektonisk utforming som de langsiktige retningslinjene som institusjonen drives etter. Det er naturlig \u00e5 si at dette ble sett i et helhetlig perspektiv.<\/p>\n\n\n\n<p>Denne innstillingen fikk tilslutning fra de bevilgende myndigheter \u2013 stat og fylke og kommuner. I mars 1980 bevilget Norsk Kulturr\u00e5d 650.000 til prosjektet, og gav tilsagn om 1.000.000 for 1981.&nbsp;Nordland fylke bevilget seinere 20% av kostnadene. Kommunene p\u00e5 S\u00f8r-Helgeland ble bedt om \u00e5 dekke resten. Hattfjelldal kommune stilte tomt \u2013 med veg,&nbsp;vann&nbsp;og kloakk \u2013 til disposisjon.<\/p>\n\n\n\n<p>Byggearbeidet ble p\u00e5begynt sommeren 1982. I mars 1984 var huset i en slik stand at det kunne taes i bruk, da Nordland fylkes samiske kulturkonferanse ble avholdt her. Byggekostnadene var pr 31.12. 1985 kommet opp i kr 4.516.132,-, men enn\u00e5 er ikke alle rom ferdigstilte. Den formelle innvielsen skjedde i mai 1987, med&nbsp;representanter&nbsp;for stat, fylke og mange av Helgelandskommunene til stede.<\/p>\n\n\n\n<h3 class=\"wp-block-heading\"><strong>Lokalisering<\/strong><\/h3>\n\n\n\n<p>Helgeland er et gammelt samisk bosettingsomr\u00e5de. I s\u00e6rlig grad gjelder dette dalf\u00f8rene i innlandet. Kulturminner, stedsnavn og en rik muntlig tradisjon vitner om at den samiske befolkninga har urgamle r\u00f8tter i denne regionen. Mange steder var samene i majoritetsbefolkning langt inn p\u00e5 1800-tallet. Etter 1850 vokste den norske bondebefolkninga hurtig \u2013 blant annet som en f\u00f8lge av innflytting.<\/p>\n\n\n\n<p>Reindrifta er den n\u00e6ringa som identitetsmessig betyr mest for samene i Helgelands- regionen. \u2013 sj\u00f8l om mange samer arbeider i industri- og servicen\u00e6ringene. Innenfor reindrifta har karakteristiske kulturtrekk \u2013 s\u00e5 som spr\u00e5k, husflid og draktskikk \u2013 overlevd tidligere tiders harde fornorsking, av den grunn blir denne n\u00e6ringa oppfattet som sj\u00f8lve b\u00e6rebjelken i det s\u00f8rsamiske samfunnet.<\/p>\n\n\n\n<p>At Hattfjelldal ble vertskommune for Sijti Jarnge var ingen tilfeldighet. Kommunen er en typisk innlandskommune \u2013 der naturen b\u00e6rer preg av langvarig, men sk\u00e5nsom samisk kulturp\u00e5virkning. Ogs\u00e5 her har reindrifta v\u00e6rt den dominerende, men det er en historisk realitet at mange av de som ryddet seg g\u00e5rder i dalen p\u00e5 1800 tallet var av samisk herkomst.<\/p>\n\n\n\n<p>Hattfjelldal heter Aarborte p\u00e5 samisk. Navnet beskriver et landskap der det er tidlig v\u00e5rbeite \u00e5 finne for reinen.<\/p>\n\n\n\n<p>Den viktigste grunnen til \u00e5 lokalisere et samisk kultursenter hit var imidlertidig det forhold at Sameskolen for Midt-Norge har hatt tilholdssted i sentrumsbygda helt fra 1951. Det har hele tida v\u00e6rt forutsetningen at disse to institusjonene skulle samarbeide og ha gjensidig nytte av hverandre.<\/p>\n","protected":false},"excerpt":{"rendered":"<p>Historikk Tanken om et kultursenter i Hattfjelldal ble lansert p\u00e5 et m\u00f8te som Nordisk Samer\u00e5d hadde i Utsjoki i mars 1972. Den 18. oktober 1973 s\u00f8kte Tilsynsr\u00e5det og Foreldrer\u00e5dets arbeidsutvalg ved Sameskolen om midler til et forprosjekt som skulle danne grunnlaget for en finansieringsplan for reisning av et senter. Under et fellesm\u00f8te 24. april 1975, [&hellip;]<\/p>\n","protected":false},"author":1,"featured_media":1935,"parent":1788,"menu_order":0,"comment_status":"closed","ping_status":"closed","template":"","meta":{"_genesis_hide_title":false,"_genesis_hide_breadcrumbs":false,"_genesis_hide_singular_image":false,"_genesis_hide_footer_widgets":false,"_genesis_custom_body_class":"","_genesis_custom_post_class":"","_genesis_layout":"","footnotes":""},"class_list":{"0":"post-1980","1":"page","2":"type-page","3":"status-publish","4":"has-post-thumbnail","6":"entry"},"yoast_head":"<!-- This site is optimized with the Yoast SEO plugin v27.4 - https:\/\/yoast.com\/product\/yoast-seo-wordpress\/ -->\n<title>Historikk og lokalisering - Sijtijarnge<\/title>\n<meta name=\"robots\" content=\"index, follow, max-snippet:-1, max-image-preview:large, max-video-preview:-1\" \/>\n<link rel=\"canonical\" href=\"https:\/\/sijtijarnge.no\/nb\/huset\/historikk-og-lokalisering\/\" \/>\n<meta property=\"og:locale\" content=\"nb_NO\" \/>\n<meta property=\"og:type\" content=\"article\" \/>\n<meta property=\"og:title\" content=\"Historikk og lokalisering - Sijtijarnge\" \/>\n<meta property=\"og:description\" content=\"Historikk Tanken om et kultursenter i Hattfjelldal ble lansert p\u00e5 et m\u00f8te som Nordisk Samer\u00e5d hadde i Utsjoki i mars 1972. Den 18. oktober 1973 s\u00f8kte Tilsynsr\u00e5det og Foreldrer\u00e5dets arbeidsutvalg ved Sameskolen om midler til et forprosjekt som skulle danne grunnlaget for en finansieringsplan for reisning av et senter. Under et fellesm\u00f8te 24. april 1975, [&hellip;]\" \/>\n<meta property=\"og:url\" content=\"https:\/\/sijtijarnge.no\/nb\/huset\/historikk-og-lokalisering\/\" \/>\n<meta property=\"og:site_name\" content=\"Sijtijarnge\" \/>\n<meta property=\"article:modified_time\" content=\"2020-11-11T09:13:38+00:00\" \/>\n<meta property=\"og:image\" content=\"https:\/\/sijtijarnge.no\/wp-content\/uploads\/2020\/11\/Sijtijarnge_Aarborte_NO_okt19_230_FullRes_CJUTSI-kopia.jpg\" \/>\n\t<meta property=\"og:image:width\" content=\"1600\" \/>\n\t<meta property=\"og:image:height\" content=\"1050\" \/>\n\t<meta property=\"og:image:type\" content=\"image\/jpeg\" \/>\n<meta name=\"twitter:card\" content=\"summary_large_image\" \/>\n<meta name=\"twitter:label1\" content=\"Ansl. lesetid\" \/>\n\t<meta name=\"twitter:data1\" content=\"2 minutter\" \/>\n<script type=\"application\/ld+json\" class=\"yoast-schema-graph\">{\"@context\":\"https:\\\/\\\/schema.org\",\"@graph\":[{\"@type\":\"WebPage\",\"@id\":\"https:\\\/\\\/sijtijarnge.no\\\/huset\\\/historikk-og-lokalisering\\\/\",\"url\":\"https:\\\/\\\/sijtijarnge.no\\\/huset\\\/historikk-og-lokalisering\\\/\",\"name\":\"Historikk og lokalisering - Sijtijarnge\",\"isPartOf\":{\"@id\":\"https:\\\/\\\/sijtijarnge.no\\\/nb\\\/#website\"},\"primaryImageOfPage\":{\"@id\":\"https:\\\/\\\/sijtijarnge.no\\\/huset\\\/historikk-og-lokalisering\\\/#primaryimage\"},\"image\":{\"@id\":\"https:\\\/\\\/sijtijarnge.no\\\/huset\\\/historikk-og-lokalisering\\\/#primaryimage\"},\"thumbnailUrl\":\"https:\\\/\\\/sijtijarnge.no\\\/wp-content\\\/uploads\\\/2020\\\/11\\\/Sijtijarnge_Aarborte_NO_okt19_230_FullRes_CJUTSI-kopia.jpg\",\"datePublished\":\"2020-11-11T09:11:46+00:00\",\"dateModified\":\"2020-11-11T09:13:38+00:00\",\"breadcrumb\":{\"@id\":\"https:\\\/\\\/sijtijarnge.no\\\/huset\\\/historikk-og-lokalisering\\\/#breadcrumb\"},\"inLanguage\":\"nb-NO\",\"potentialAction\":[{\"@type\":\"ReadAction\",\"target\":[\"https:\\\/\\\/sijtijarnge.no\\\/huset\\\/historikk-og-lokalisering\\\/\"]}]},{\"@type\":\"ImageObject\",\"inLanguage\":\"nb-NO\",\"@id\":\"https:\\\/\\\/sijtijarnge.no\\\/huset\\\/historikk-og-lokalisering\\\/#primaryimage\",\"url\":\"https:\\\/\\\/sijtijarnge.no\\\/wp-content\\\/uploads\\\/2020\\\/11\\\/Sijtijarnge_Aarborte_NO_okt19_230_FullRes_CJUTSI-kopia.jpg\",\"contentUrl\":\"https:\\\/\\\/sijtijarnge.no\\\/wp-content\\\/uploads\\\/2020\\\/11\\\/Sijtijarnge_Aarborte_NO_okt19_230_FullRes_CJUTSI-kopia.jpg\",\"width\":1600,\"height\":1050,\"caption\":\"Foto: Carl-Johan Utsi\"},{\"@type\":\"BreadcrumbList\",\"@id\":\"https:\\\/\\\/sijtijarnge.no\\\/huset\\\/historikk-og-lokalisering\\\/#breadcrumb\",\"itemListElement\":[{\"@type\":\"ListItem\",\"position\":1,\"name\":\"Hjem\",\"item\":\"https:\\\/\\\/sijtijarnge.no\\\/nb\\\/\"},{\"@type\":\"ListItem\",\"position\":2,\"name\":\"Om oss\",\"item\":\"https:\\\/\\\/sijtijarnge.no\\\/huset\\\/\"},{\"@type\":\"ListItem\",\"position\":3,\"name\":\"Historikk og lokalisering\"}]},{\"@type\":\"WebSite\",\"@id\":\"https:\\\/\\\/sijtijarnge.no\\\/nb\\\/#website\",\"url\":\"https:\\\/\\\/sijtijarnge.no\\\/nb\\\/\",\"name\":\"Sijtijarnge\",\"description\":\"Samisk spr\u00e5k- og kultursenter i Hattfjelldal\",\"publisher\":{\"@id\":\"https:\\\/\\\/sijtijarnge.no\\\/nb\\\/#organization\"},\"potentialAction\":[{\"@type\":\"SearchAction\",\"target\":{\"@type\":\"EntryPoint\",\"urlTemplate\":\"https:\\\/\\\/sijtijarnge.no\\\/nb\\\/?s={search_term_string}\"},\"query-input\":{\"@type\":\"PropertyValueSpecification\",\"valueRequired\":true,\"valueName\":\"search_term_string\"}}],\"inLanguage\":\"nb-NO\"},{\"@type\":\"Organization\",\"@id\":\"https:\\\/\\\/sijtijarnge.no\\\/nb\\\/#organization\",\"name\":\"Sijtijarnge\",\"url\":\"https:\\\/\\\/sijtijarnge.no\\\/nb\\\/\",\"logo\":{\"@type\":\"ImageObject\",\"inLanguage\":\"nb-NO\",\"@id\":\"https:\\\/\\\/sijtijarnge.no\\\/nb\\\/#\\\/schema\\\/logo\\\/image\\\/\",\"url\":\"https:\\\/\\\/sijtijarnge.no\\\/wp-content\\\/uploads\\\/2020\\\/08\\\/logo_farg_500px.png\",\"contentUrl\":\"https:\\\/\\\/sijtijarnge.no\\\/wp-content\\\/uploads\\\/2020\\\/08\\\/logo_farg_500px.png\",\"width\":500,\"height\":240,\"caption\":\"Sijtijarnge\"},\"image\":{\"@id\":\"https:\\\/\\\/sijtijarnge.no\\\/nb\\\/#\\\/schema\\\/logo\\\/image\\\/\"}}]}<\/script>\n<!-- \/ Yoast SEO plugin. -->","yoast_head_json":{"title":"Historikk og lokalisering - Sijtijarnge","robots":{"index":"index","follow":"follow","max-snippet":"max-snippet:-1","max-image-preview":"max-image-preview:large","max-video-preview":"max-video-preview:-1"},"canonical":"https:\/\/sijtijarnge.no\/nb\/huset\/historikk-og-lokalisering\/","og_locale":"nb_NO","og_type":"article","og_title":"Historikk og lokalisering - Sijtijarnge","og_description":"Historikk Tanken om et kultursenter i Hattfjelldal ble lansert p\u00e5 et m\u00f8te som Nordisk Samer\u00e5d hadde i Utsjoki i mars 1972. Den 18. oktober 1973 s\u00f8kte Tilsynsr\u00e5det og Foreldrer\u00e5dets arbeidsutvalg ved Sameskolen om midler til et forprosjekt som skulle danne grunnlaget for en finansieringsplan for reisning av et senter. Under et fellesm\u00f8te 24. april 1975, [&hellip;]","og_url":"https:\/\/sijtijarnge.no\/nb\/huset\/historikk-og-lokalisering\/","og_site_name":"Sijtijarnge","article_modified_time":"2020-11-11T09:13:38+00:00","og_image":[{"width":1600,"height":1050,"url":"https:\/\/sijtijarnge.no\/wp-content\/uploads\/2020\/11\/Sijtijarnge_Aarborte_NO_okt19_230_FullRes_CJUTSI-kopia.jpg","type":"image\/jpeg"}],"twitter_card":"summary_large_image","twitter_misc":{"Ansl. lesetid":"2 minutter"},"schema":{"@context":"https:\/\/schema.org","@graph":[{"@type":"WebPage","@id":"https:\/\/sijtijarnge.no\/huset\/historikk-og-lokalisering\/","url":"https:\/\/sijtijarnge.no\/huset\/historikk-og-lokalisering\/","name":"Historikk og lokalisering - Sijtijarnge","isPartOf":{"@id":"https:\/\/sijtijarnge.no\/nb\/#website"},"primaryImageOfPage":{"@id":"https:\/\/sijtijarnge.no\/huset\/historikk-og-lokalisering\/#primaryimage"},"image":{"@id":"https:\/\/sijtijarnge.no\/huset\/historikk-og-lokalisering\/#primaryimage"},"thumbnailUrl":"https:\/\/sijtijarnge.no\/wp-content\/uploads\/2020\/11\/Sijtijarnge_Aarborte_NO_okt19_230_FullRes_CJUTSI-kopia.jpg","datePublished":"2020-11-11T09:11:46+00:00","dateModified":"2020-11-11T09:13:38+00:00","breadcrumb":{"@id":"https:\/\/sijtijarnge.no\/huset\/historikk-og-lokalisering\/#breadcrumb"},"inLanguage":"nb-NO","potentialAction":[{"@type":"ReadAction","target":["https:\/\/sijtijarnge.no\/huset\/historikk-og-lokalisering\/"]}]},{"@type":"ImageObject","inLanguage":"nb-NO","@id":"https:\/\/sijtijarnge.no\/huset\/historikk-og-lokalisering\/#primaryimage","url":"https:\/\/sijtijarnge.no\/wp-content\/uploads\/2020\/11\/Sijtijarnge_Aarborte_NO_okt19_230_FullRes_CJUTSI-kopia.jpg","contentUrl":"https:\/\/sijtijarnge.no\/wp-content\/uploads\/2020\/11\/Sijtijarnge_Aarborte_NO_okt19_230_FullRes_CJUTSI-kopia.jpg","width":1600,"height":1050,"caption":"Foto: Carl-Johan Utsi"},{"@type":"BreadcrumbList","@id":"https:\/\/sijtijarnge.no\/huset\/historikk-og-lokalisering\/#breadcrumb","itemListElement":[{"@type":"ListItem","position":1,"name":"Hjem","item":"https:\/\/sijtijarnge.no\/nb\/"},{"@type":"ListItem","position":2,"name":"Om oss","item":"https:\/\/sijtijarnge.no\/huset\/"},{"@type":"ListItem","position":3,"name":"Historikk og lokalisering"}]},{"@type":"WebSite","@id":"https:\/\/sijtijarnge.no\/nb\/#website","url":"https:\/\/sijtijarnge.no\/nb\/","name":"Sijtijarnge","description":"Samisk spr\u00e5k- og kultursenter i Hattfjelldal","publisher":{"@id":"https:\/\/sijtijarnge.no\/nb\/#organization"},"potentialAction":[{"@type":"SearchAction","target":{"@type":"EntryPoint","urlTemplate":"https:\/\/sijtijarnge.no\/nb\/?s={search_term_string}"},"query-input":{"@type":"PropertyValueSpecification","valueRequired":true,"valueName":"search_term_string"}}],"inLanguage":"nb-NO"},{"@type":"Organization","@id":"https:\/\/sijtijarnge.no\/nb\/#organization","name":"Sijtijarnge","url":"https:\/\/sijtijarnge.no\/nb\/","logo":{"@type":"ImageObject","inLanguage":"nb-NO","@id":"https:\/\/sijtijarnge.no\/nb\/#\/schema\/logo\/image\/","url":"https:\/\/sijtijarnge.no\/wp-content\/uploads\/2020\/08\/logo_farg_500px.png","contentUrl":"https:\/\/sijtijarnge.no\/wp-content\/uploads\/2020\/08\/logo_farg_500px.png","width":500,"height":240,"caption":"Sijtijarnge"},"image":{"@id":"https:\/\/sijtijarnge.no\/nb\/#\/schema\/logo\/image\/"}}]}},"featured_image_src":"https:\/\/sijtijarnge.no\/wp-content\/uploads\/2020\/11\/Sijtijarnge_Aarborte_NO_okt19_230_FullRes_CJUTSI-kopia.jpg","featured_image_src_square":"https:\/\/sijtijarnge.no\/wp-content\/uploads\/2020\/11\/Sijtijarnge_Aarborte_NO_okt19_230_FullRes_CJUTSI-kopia.jpg","_links":{"self":[{"href":"https:\/\/sijtijarnge.no\/nb\/wp-json\/wp\/v2\/pages\/1980","targetHints":{"allow":["GET"]}}],"collection":[{"href":"https:\/\/sijtijarnge.no\/nb\/wp-json\/wp\/v2\/pages"}],"about":[{"href":"https:\/\/sijtijarnge.no\/nb\/wp-json\/wp\/v2\/types\/page"}],"author":[{"embeddable":true,"href":"https:\/\/sijtijarnge.no\/nb\/wp-json\/wp\/v2\/users\/1"}],"replies":[{"embeddable":true,"href":"https:\/\/sijtijarnge.no\/nb\/wp-json\/wp\/v2\/comments?post=1980"}],"version-history":[{"count":1,"href":"https:\/\/sijtijarnge.no\/nb\/wp-json\/wp\/v2\/pages\/1980\/revisions"}],"predecessor-version":[{"id":1981,"href":"https:\/\/sijtijarnge.no\/nb\/wp-json\/wp\/v2\/pages\/1980\/revisions\/1981"}],"up":[{"embeddable":true,"href":"https:\/\/sijtijarnge.no\/nb\/wp-json\/wp\/v2\/pages\/1788"}],"wp:featuredmedia":[{"embeddable":true,"href":"https:\/\/sijtijarnge.no\/nb\/wp-json\/wp\/v2\/media\/1935"}],"wp:attachment":[{"href":"https:\/\/sijtijarnge.no\/nb\/wp-json\/wp\/v2\/media?parent=1980"}],"curies":[{"name":"wp","href":"https:\/\/api.w.org\/{rel}","templated":true}]}}