{"id":1797,"date":"2020-08-04T11:05:47","date_gmt":"2020-08-04T11:05:47","guid":{"rendered":"http:\/\/linwp.it4u.se\/AKMC\/foretag\/?page_id=39"},"modified":"2020-12-02T13:16:41","modified_gmt":"2020-12-02T13:16:41","slug":"interreg","status":"publish","type":"page","link":"https:\/\/sijtijarnge.no\/sor\/kontakt-oss\/interreg\/","title":{"rendered":"Interreg"},"content":{"rendered":"<figure class=\"wp-block-gallery columns-3 wp-block-gallery-1 is-layout-flex wp-block-gallery-is-layout-flex\"><ul class=\"blocks-gallery-grid\"><li class=\"blocks-gallery-item\"><figure><img loading=\"lazy\" decoding=\"async\" width=\"1024\" height=\"285\" src=\"https:\/\/sijtijarnge.no\/wp-content\/uploads\/2020\/12\/interreg_nord_2016_swe_color-1-1024x285.jpg\" alt=\"\" data-id=\"2615\" data-full-url=\"https:\/\/sijtijarnge.no\/wp-content\/uploads\/2020\/12\/interreg_nord_2016_swe_color-1.jpg\" data-link=\"https:\/\/sijtijarnge.no\/interreg\/interreg_nord_2016_swe_color-1\/\" class=\"wp-image-2615\" srcset=\"https:\/\/sijtijarnge.no\/wp-content\/uploads\/2020\/12\/interreg_nord_2016_swe_color-1-1024x285.jpg 1024w, https:\/\/sijtijarnge.no\/wp-content\/uploads\/2020\/12\/interreg_nord_2016_swe_color-1-300x83.jpg 300w, https:\/\/sijtijarnge.no\/wp-content\/uploads\/2020\/12\/interreg_nord_2016_swe_color-1-768x214.jpg 768w, https:\/\/sijtijarnge.no\/wp-content\/uploads\/2020\/12\/interreg_nord_2016_swe_color-1-1536x427.jpg 1536w, https:\/\/sijtijarnge.no\/wp-content\/uploads\/2020\/12\/interreg_nord_2016_swe_color-1-2048x570.jpg 2048w, https:\/\/sijtijarnge.no\/wp-content\/uploads\/2020\/12\/interreg_nord_2016_swe_color-1-16x4.jpg 16w, https:\/\/sijtijarnge.no\/wp-content\/uploads\/2020\/12\/interreg_nord_2016_swe_color-1-600x167.jpg 600w\" sizes=\"auto, (max-width: 1024px) 100vw, 1024px\" \/><\/figure><\/li><li class=\"blocks-gallery-item\"><figure><img loading=\"lazy\" decoding=\"async\" width=\"254\" height=\"100\" src=\"https:\/\/sijtijarnge.no\/wp-content\/uploads\/2020\/12\/storuman_luspie_alt-1-1.jpg\" alt=\"\" data-id=\"2614\" data-full-url=\"https:\/\/sijtijarnge.no\/wp-content\/uploads\/2020\/12\/storuman_luspie_alt-1-1.jpg\" data-link=\"https:\/\/sijtijarnge.no\/interreg\/storuman_luspie_alt-1-1\/\" class=\"wp-image-2614\" srcset=\"https:\/\/sijtijarnge.no\/wp-content\/uploads\/2020\/12\/storuman_luspie_alt-1-1.jpg 254w, https:\/\/sijtijarnge.no\/wp-content\/uploads\/2020\/12\/storuman_luspie_alt-1-1-16x6.jpg 16w\" sizes=\"auto, (max-width: 254px) 100vw, 254px\" \/><\/figure><\/li><li class=\"blocks-gallery-item\"><figure><img loading=\"lazy\" decoding=\"async\" width=\"122\" height=\"108\" src=\"https:\/\/sijtijarnge.no\/wp-content\/uploads\/2020\/12\/sijti-jarnge-1.jpg\" alt=\"\" data-id=\"2613\" data-full-url=\"https:\/\/sijtijarnge.no\/wp-content\/uploads\/2020\/12\/sijti-jarnge-1.jpg\" data-link=\"https:\/\/sijtijarnge.no\/interreg\/sijti-jarnge-1\/\" class=\"wp-image-2613\" srcset=\"https:\/\/sijtijarnge.no\/wp-content\/uploads\/2020\/12\/sijti-jarnge-1.jpg 122w, https:\/\/sijtijarnge.no\/wp-content\/uploads\/2020\/12\/sijti-jarnge-1-14x12.jpg 14w\" sizes=\"auto, (max-width: 122px) 100vw, 122px\" \/><\/figure><\/li><\/ul><\/figure>\n\n\n\n<hr class=\"wp-block-separator is-style-wide\"\/>\n\n\n\n<figure class=\"wp-block-image size-large\"><img loading=\"lazy\" decoding=\"async\" width=\"835\" height=\"1024\" src=\"https:\/\/sijtijarnge.no\/wp-content\/uploads\/2020\/12\/Uten-navn-835x1024-1.jpg\" alt=\"\" class=\"wp-image-2604\" srcset=\"https:\/\/sijtijarnge.no\/wp-content\/uploads\/2020\/12\/Uten-navn-835x1024-1.jpg 835w, https:\/\/sijtijarnge.no\/wp-content\/uploads\/2020\/12\/Uten-navn-835x1024-1-245x300.jpg 245w, https:\/\/sijtijarnge.no\/wp-content\/uploads\/2020\/12\/Uten-navn-835x1024-1-768x942.jpg 768w, https:\/\/sijtijarnge.no\/wp-content\/uploads\/2020\/12\/Uten-navn-835x1024-1-10x12.jpg 10w, https:\/\/sijtijarnge.no\/wp-content\/uploads\/2020\/12\/Uten-navn-835x1024-1-600x736.jpg 600w\" sizes=\"auto, (max-width: 835px) 100vw, 835px\" \/><\/figure>\n\n\n\n<hr class=\"wp-block-separator is-style-wide\"\/>\n\n\n\n<h2 class=\"wp-block-heading\">AKTENE - Prosjekten leah facebookbielie j\u00efh Youtube-kanaale!<\/h2>\n\n\n\n<p>Aktene-prosjekten leah facebookbielie j\u00efh Youtube-kanaale! Daase dej \u00f6\u00f6rnemi b\u00efjre tjaeliejibie, guvvieh j\u00efh b\u00efevnesh b\u00efejijibie. M\u00efnnh facebookbieliem lyjhkedh, guktie b\u00efevnesh \u00e5adtjoeh: &nbsp;&nbsp;<a href=\"https:\/\/www.facebook.com\/Aktene-1517887678305979\/\">https:\/\/www.facebook.com\/Aktene-1517887678305979\/<\/a><\/p>\n\n\n\n<p>Prosjekten lea Youtube-kaanale, m\u00efsse videovh prosjekten b\u00efjre b\u00efejijibie. B\u00efeljelh guktie vielie saernieh prosjekten b\u00efjre \u00e5adtjoeh:<\/p>\n\n\n\n<figure class=\"wp-block-embed\"><div class=\"wp-block-embed__wrapper\">\nhttps:\/\/www.youtube.com\/channel\/UCUypMy4LAgu-CFXFaVqf-QA\n<\/div><\/figure>\n\n\n\n<hr class=\"wp-block-separator is-style-wide\"\/>\n\n\n\n<h2 class=\"wp-block-heading\">Mijjen lea prosjekte -j\u00efh kuvsje\u00e5vtehke<\/h2>\n\n\n\n<p>Interreg-prosjekten \"Aktene\" lea barkije Gun Utsi, gje barka 60 % prosjekte-j\u00efh kuvsje\u00e5vtehkinie 2017-2020.<\/p>\n\n\n\n<p>Gun Utsi edtja Intereg-prosjektem \"AKTENE\" juhtiehtidh, soejkesjidh j\u00efh kuvsjh \u00f6\u00f6rnedh.<\/p>\n\n\n\n<p>S\u00efjti Jargen j\u00efh Storuman sijhtieh daejnie Interreg-prosjektine \u00abAktene\u00bb aelkedh aktese vy\u00f6kedh.<\/p>\n\n\n\n<p>Gosse ektesne barkedh dellie mijjen kultuvre jarngesne. Prosjekte lea hevvie daaj beajjetje seabradahkese sj\u00efehtesjovveme, mohte jis j\u00efjtjemh kultuvrem j\u00efh kultuvrearrpiem b\u00e5etije biejjide n\u00e6nnoestidh j\u00efh evtiedidh, tjoeveribie vuekiej, voeti j\u00efh dovletji baeliej b\u00efjre l\u00eferedh. Prosjekte kuvsjh, seminaarh j\u00efh arrangementh \u00f6\u00f6rnie.<\/p>\n\n\n\n<figure class=\"wp-block-image size-large\"><img loading=\"lazy\" decoding=\"async\" width=\"495\" height=\"480\" src=\"https:\/\/sijtijarnge.no\/wp-content\/uploads\/2020\/12\/gunmari.jpeg\" alt=\"\" class=\"wp-image-2603\" srcset=\"https:\/\/sijtijarnge.no\/wp-content\/uploads\/2020\/12\/gunmari.jpeg 495w, https:\/\/sijtijarnge.no\/wp-content\/uploads\/2020\/12\/gunmari-300x291.jpeg 300w, https:\/\/sijtijarnge.no\/wp-content\/uploads\/2020\/12\/gunmari-12x12.jpeg 12w\" sizes=\"auto, (max-width: 495px) 100vw, 495px\" \/><\/figure>","protected":false},"excerpt":{"rendered":"<p>AKTENE \u2013 Det er opprettet Facebook-side og Youtube-kanal for prosjektet! Det er n\u00e5 opprettet egen Facebook-side for Aktene-prosjektet! Her blir det lagt ut arrangement, bilder og informasjon om prosjektet. G\u00e5 inn og lik siden for \u00e5 f\u00e5 fortl\u00f8pende informasjon om hva som skjer: &nbsp;&nbsp;https:\/\/www.facebook.com\/Aktene-1517887678305979\/ Det er ogs\u00e5 opprettet en Youtube-kanal der det blir lagt ut [&hellip;]<\/p>\n","protected":false},"author":1,"featured_media":0,"parent":1783,"menu_order":4,"comment_status":"closed","ping_status":"closed","template":"","meta":{"_genesis_hide_title":false,"_genesis_hide_breadcrumbs":false,"_genesis_hide_singular_image":false,"_genesis_hide_footer_widgets":false,"_genesis_custom_body_class":"","_genesis_custom_post_class":"","_genesis_layout":"","footnotes":""},"class_list":{"0":"post-1797","1":"page","2":"type-page","3":"status-publish","5":"entry","6":"has-post-thumbnail"},"yoast_head":"<!-- This site is optimized with the Yoast SEO plugin v27.5 - https:\/\/yoast.com\/product\/yoast-seo-wordpress\/ -->\n<title>Interreg - Sijtijarnge<\/title>\n<meta name=\"robots\" content=\"index, follow, max-snippet:-1, max-image-preview:large, max-video-preview:-1\" \/>\n<link rel=\"canonical\" href=\"https:\/\/sijtijarnge.no\/sor\/kontakt-oss\/interreg\/\" \/>\n<meta property=\"og:locale\" content=\"so_SO\" \/>\n<meta property=\"og:type\" content=\"article\" \/>\n<meta property=\"og:title\" content=\"Interreg - Sijtijarnge\" \/>\n<meta property=\"og:description\" content=\"AKTENE \u2013 Det er opprettet Facebook-side og Youtube-kanal for prosjektet! Det er n\u00e5 opprettet egen Facebook-side for Aktene-prosjektet! Her blir det lagt ut arrangement, bilder og informasjon om prosjektet. G\u00e5 inn og lik siden for \u00e5 f\u00e5 fortl\u00f8pende informasjon om hva som skjer: &nbsp;&nbsp;https:\/\/www.facebook.com\/Aktene-1517887678305979\/ Det er ogs\u00e5 opprettet en Youtube-kanal der det blir lagt ut [&hellip;]\" \/>\n<meta property=\"og:url\" content=\"https:\/\/sijtijarnge.no\/sor\/kontakt-oss\/interreg\/\" \/>\n<meta property=\"og:site_name\" content=\"Sijtijarnge\" \/>\n<meta property=\"article:modified_time\" content=\"2020-12-02T13:16:41+00:00\" \/>\n<meta property=\"og:image\" content=\"https:\/\/sijtijarnge.no\/wp-content\/uploads\/2020\/12\/interreg_nord_2016_swe_color-1-1024x285.jpg\" \/>\n<meta name=\"twitter:card\" content=\"summary_large_image\" \/>\n<meta name=\"twitter:label1\" content=\"Est. reading time\" \/>\n\t<meta name=\"twitter:data1\" content=\"1 minute\" \/>\n<script type=\"application\/ld+json\" class=\"yoast-schema-graph\">{\"@context\":\"https:\\\/\\\/schema.org\",\"@graph\":[{\"@type\":\"WebPage\",\"@id\":\"https:\\\/\\\/sijtijarnge.no\\\/kontakt-oss\\\/interreg\\\/\",\"url\":\"https:\\\/\\\/sijtijarnge.no\\\/kontakt-oss\\\/interreg\\\/\",\"name\":\"Interreg - Sijtijarnge\",\"isPartOf\":{\"@id\":\"https:\\\/\\\/sijtijarnge.no\\\/nb\\\/#website\"},\"primaryImageOfPage\":{\"@id\":\"https:\\\/\\\/sijtijarnge.no\\\/kontakt-oss\\\/interreg\\\/#primaryimage\"},\"image\":{\"@id\":\"https:\\\/\\\/sijtijarnge.no\\\/kontakt-oss\\\/interreg\\\/#primaryimage\"},\"thumbnailUrl\":\"https:\\\/\\\/sijtijarnge.no\\\/wp-content\\\/uploads\\\/2020\\\/12\\\/interreg_nord_2016_swe_color-1-1024x285.jpg\",\"datePublished\":\"2020-08-04T11:05:47+00:00\",\"dateModified\":\"2020-12-02T13:16:41+00:00\",\"breadcrumb\":{\"@id\":\"https:\\\/\\\/sijtijarnge.no\\\/kontakt-oss\\\/interreg\\\/#breadcrumb\"},\"inLanguage\":\"so-nn\",\"potentialAction\":[{\"@type\":\"ReadAction\",\"target\":[\"https:\\\/\\\/sijtijarnge.no\\\/kontakt-oss\\\/interreg\\\/\"]}]},{\"@type\":\"ImageObject\",\"inLanguage\":\"so-nn\",\"@id\":\"https:\\\/\\\/sijtijarnge.no\\\/kontakt-oss\\\/interreg\\\/#primaryimage\",\"url\":\"https:\\\/\\\/sijtijarnge.no\\\/wp-content\\\/uploads\\\/2020\\\/12\\\/interreg_nord_2016_swe_color-1-1024x285.jpg\",\"contentUrl\":\"https:\\\/\\\/sijtijarnge.no\\\/wp-content\\\/uploads\\\/2020\\\/12\\\/interreg_nord_2016_swe_color-1-1024x285.jpg\"},{\"@type\":\"BreadcrumbList\",\"@id\":\"https:\\\/\\\/sijtijarnge.no\\\/kontakt-oss\\\/interreg\\\/#breadcrumb\",\"itemListElement\":[{\"@type\":\"ListItem\",\"position\":1,\"name\":\"Hjem\",\"item\":\"https:\\\/\\\/sijtijarnge.no\\\/nb\\\/\"},{\"@type\":\"ListItem\",\"position\":2,\"name\":\"Kontakt oss\",\"item\":\"https:\\\/\\\/sijtijarnge.no\\\/kontakt-oss\\\/\"},{\"@type\":\"ListItem\",\"position\":3,\"name\":\"Interreg\"}]},{\"@type\":\"WebSite\",\"@id\":\"https:\\\/\\\/sijtijarnge.no\\\/nb\\\/#website\",\"url\":\"https:\\\/\\\/sijtijarnge.no\\\/nb\\\/\",\"name\":\"Sijtijarnge\",\"description\":\"Samisk spr\u00e5k- og kultursenter i Hattfjelldal\",\"publisher\":{\"@id\":\"https:\\\/\\\/sijtijarnge.no\\\/nb\\\/#organization\"},\"potentialAction\":[{\"@type\":\"SearchAction\",\"target\":{\"@type\":\"EntryPoint\",\"urlTemplate\":\"https:\\\/\\\/sijtijarnge.no\\\/nb\\\/?s={search_term_string}\"},\"query-input\":{\"@type\":\"PropertyValueSpecification\",\"valueRequired\":true,\"valueName\":\"search_term_string\"}}],\"inLanguage\":\"so-nn\"},{\"@type\":\"Organization\",\"@id\":\"https:\\\/\\\/sijtijarnge.no\\\/nb\\\/#organization\",\"name\":\"Sijtijarnge\",\"url\":\"https:\\\/\\\/sijtijarnge.no\\\/nb\\\/\",\"logo\":{\"@type\":\"ImageObject\",\"inLanguage\":\"so-nn\",\"@id\":\"https:\\\/\\\/sijtijarnge.no\\\/nb\\\/#\\\/schema\\\/logo\\\/image\\\/\",\"url\":\"https:\\\/\\\/sijtijarnge.no\\\/wp-content\\\/uploads\\\/2020\\\/08\\\/logo_farg_500px.png\",\"contentUrl\":\"https:\\\/\\\/sijtijarnge.no\\\/wp-content\\\/uploads\\\/2020\\\/08\\\/logo_farg_500px.png\",\"width\":500,\"height\":240,\"caption\":\"Sijtijarnge\"},\"image\":{\"@id\":\"https:\\\/\\\/sijtijarnge.no\\\/nb\\\/#\\\/schema\\\/logo\\\/image\\\/\"}}]}<\/script>\n<!-- \/ Yoast SEO plugin. -->","yoast_head_json":{"title":"Interreg - Sijtijarnge","robots":{"index":"index","follow":"follow","max-snippet":"max-snippet:-1","max-image-preview":"max-image-preview:large","max-video-preview":"max-video-preview:-1"},"canonical":"https:\/\/sijtijarnge.no\/sor\/kontakt-oss\/interreg\/","og_locale":"so_SO","og_type":"article","og_title":"Interreg - Sijtijarnge","og_description":"AKTENE \u2013 Det er opprettet Facebook-side og Youtube-kanal for prosjektet! Det er n\u00e5 opprettet egen Facebook-side for Aktene-prosjektet! Her blir det lagt ut arrangement, bilder og informasjon om prosjektet. G\u00e5 inn og lik siden for \u00e5 f\u00e5 fortl\u00f8pende informasjon om hva som skjer: &nbsp;&nbsp;https:\/\/www.facebook.com\/Aktene-1517887678305979\/ Det er ogs\u00e5 opprettet en Youtube-kanal der det blir lagt ut [&hellip;]","og_url":"https:\/\/sijtijarnge.no\/sor\/kontakt-oss\/interreg\/","og_site_name":"Sijtijarnge","article_modified_time":"2020-12-02T13:16:41+00:00","og_image":[{"url":"https:\/\/sijtijarnge.no\/wp-content\/uploads\/2020\/12\/interreg_nord_2016_swe_color-1-1024x285.jpg","type":"","width":"","height":""}],"twitter_card":"summary_large_image","twitter_misc":{"Est. reading time":"1 minute"},"schema":{"@context":"https:\/\/schema.org","@graph":[{"@type":"WebPage","@id":"https:\/\/sijtijarnge.no\/kontakt-oss\/interreg\/","url":"https:\/\/sijtijarnge.no\/kontakt-oss\/interreg\/","name":"Interreg - Sijtijarnge","isPartOf":{"@id":"https:\/\/sijtijarnge.no\/nb\/#website"},"primaryImageOfPage":{"@id":"https:\/\/sijtijarnge.no\/kontakt-oss\/interreg\/#primaryimage"},"image":{"@id":"https:\/\/sijtijarnge.no\/kontakt-oss\/interreg\/#primaryimage"},"thumbnailUrl":"https:\/\/sijtijarnge.no\/wp-content\/uploads\/2020\/12\/interreg_nord_2016_swe_color-1-1024x285.jpg","datePublished":"2020-08-04T11:05:47+00:00","dateModified":"2020-12-02T13:16:41+00:00","breadcrumb":{"@id":"https:\/\/sijtijarnge.no\/kontakt-oss\/interreg\/#breadcrumb"},"inLanguage":"so-nn","potentialAction":[{"@type":"ReadAction","target":["https:\/\/sijtijarnge.no\/kontakt-oss\/interreg\/"]}]},{"@type":"ImageObject","inLanguage":"so-nn","@id":"https:\/\/sijtijarnge.no\/kontakt-oss\/interreg\/#primaryimage","url":"https:\/\/sijtijarnge.no\/wp-content\/uploads\/2020\/12\/interreg_nord_2016_swe_color-1-1024x285.jpg","contentUrl":"https:\/\/sijtijarnge.no\/wp-content\/uploads\/2020\/12\/interreg_nord_2016_swe_color-1-1024x285.jpg"},{"@type":"BreadcrumbList","@id":"https:\/\/sijtijarnge.no\/kontakt-oss\/interreg\/#breadcrumb","itemListElement":[{"@type":"ListItem","position":1,"name":"Hjem","item":"https:\/\/sijtijarnge.no\/nb\/"},{"@type":"ListItem","position":2,"name":"Kontakt oss","item":"https:\/\/sijtijarnge.no\/kontakt-oss\/"},{"@type":"ListItem","position":3,"name":"Interreg"}]},{"@type":"WebSite","@id":"https:\/\/sijtijarnge.no\/nb\/#website","url":"https:\/\/sijtijarnge.no\/nb\/","name":"Sijtijarnge","description":"G\u00efele- j\u00efh kultuvrejarnge, Aarborte","publisher":{"@id":"https:\/\/sijtijarnge.no\/nb\/#organization"},"potentialAction":[{"@type":"SearchAction","target":{"@type":"EntryPoint","urlTemplate":"https:\/\/sijtijarnge.no\/nb\/?s={search_term_string}"},"query-input":{"@type":"PropertyValueSpecification","valueRequired":true,"valueName":"search_term_string"}}],"inLanguage":"so-nn"},{"@type":"Organization","@id":"https:\/\/sijtijarnge.no\/nb\/#organization","name":"Sijtijarnge","url":"https:\/\/sijtijarnge.no\/nb\/","logo":{"@type":"ImageObject","inLanguage":"so-nn","@id":"https:\/\/sijtijarnge.no\/nb\/#\/schema\/logo\/image\/","url":"https:\/\/sijtijarnge.no\/wp-content\/uploads\/2020\/08\/logo_farg_500px.png","contentUrl":"https:\/\/sijtijarnge.no\/wp-content\/uploads\/2020\/08\/logo_farg_500px.png","width":500,"height":240,"caption":"Sijtijarnge"},"image":{"@id":"https:\/\/sijtijarnge.no\/nb\/#\/schema\/logo\/image\/"}}]}},"featured_image_src":null,"featured_image_src_square":null,"_links":{"self":[{"href":"https:\/\/sijtijarnge.no\/sor\/wp-json\/wp\/v2\/pages\/1797","targetHints":{"allow":["GET"]}}],"collection":[{"href":"https:\/\/sijtijarnge.no\/sor\/wp-json\/wp\/v2\/pages"}],"about":[{"href":"https:\/\/sijtijarnge.no\/sor\/wp-json\/wp\/v2\/types\/page"}],"author":[{"embeddable":true,"href":"https:\/\/sijtijarnge.no\/sor\/wp-json\/wp\/v2\/users\/1"}],"replies":[{"embeddable":true,"href":"https:\/\/sijtijarnge.no\/sor\/wp-json\/wp\/v2\/comments?post=1797"}],"version-history":[{"count":4,"href":"https:\/\/sijtijarnge.no\/sor\/wp-json\/wp\/v2\/pages\/1797\/revisions"}],"predecessor-version":[{"id":2616,"href":"https:\/\/sijtijarnge.no\/sor\/wp-json\/wp\/v2\/pages\/1797\/revisions\/2616"}],"up":[{"embeddable":true,"href":"https:\/\/sijtijarnge.no\/sor\/wp-json\/wp\/v2\/pages\/1783"}],"wp:attachment":[{"href":"https:\/\/sijtijarnge.no\/sor\/wp-json\/wp\/v2\/media?parent=1797"}],"curies":[{"name":"wp","href":"https:\/\/api.w.org\/{rel}","templated":true}]}}