{"id":1980,"date":"2020-11-11T09:11:46","date_gmt":"2020-11-11T09:11:46","guid":{"rendered":"https:\/\/sijtijarnge.no.loopiadns.com\/?page_id=1980"},"modified":"2020-11-11T09:13:38","modified_gmt":"2020-11-11T09:13:38","slug":"historikk-og-lokalisering","status":"publish","type":"page","link":"https:\/\/sijtijarnge.no\/sor\/gaetie\/historikk-og-lokalisering\/","title":{"rendered":"Historihke j\u00efh sijjie"},"content":{"rendered":"<h3 class=\"wp-block-heading\"><strong>Historihke<\/strong><\/h3>\n\n\n\n<p>Noerhter\u00efjhki Saemienraerie, mij lij Utsjokesne, njoktjen asken jaepien 1972 n\u00e6nnoesti kultuvrejarngem Aarbortese tseegkedh.<\/p>\n\n\n\n<p>Golken 18.b Tilsynsr\u00e5det j\u00efh Saemienskuvlen eejhtehraerien barkoemoenehtse \u00e5vteprosjektese beetnehvierhtieh ohtsin, guktie edtjin soejkesjdih guktie beetnehvierhtieh kultuvrejarngen tseegkemasse \u00e5adtjodh.<\/p>\n\n\n\n<p>Ektietj\u00e5anghkosne voerhtjen 24. b 1975, gusnie Tilsynsr\u00e5det, Eejhtehraerien barkoemoenehtse j\u00efh Helgelaanten Saemiej Saervie lin mealtan, dellie barkoemoenehtsem tseegkin mij edtji kultuvrejarngine barkedh. Daennie moenehtsisnie lin: Gaebpien Odd (Odd Kappfjell), Jaahkenelkien Aanna (Anna Jacobsen) j\u00efh Lars Dunfjeld. Moenehtsen raeriestimmie, mij golken asken 1976 \u00e5vtese b\u00efejesovvi, v\u00e5aroeminie sj\u00efdti guktie kultuvrejarngem hammoedidh dovne arkitektuvren mietie j\u00efh mej ulmiej mietie dam kultuvrejarngen b\u00e5etije biejjide stuvredh.<\/p>\n\n\n\n<p>\u00c5ajvaladtjh dam raeriestimmiem beetnehvierhtiejgujmie d\u00e5arjoejin - Staate, fylhke j\u00efh tj\u00efelth. Njoktjen asken jaepien 1980 N\u00f6\u00f6rjen kultuvreraerie 650 000 kr\u00e5vnah prosjektese vedti, j\u00efh jaepien 1981 dellie 1 000 000 kr\u00e5vnah vielie lissiehti. Nordlaanten fylhke 20 % ... meeksi. \u00c5arjel-Helgelaanten tj\u00efelth aaj beetnegh laeviehtin. Aarborten tj\u00efelte g\u00f6\u00f6thsijjiem - geajnoem, tjaetsiem j\u00efh kloahkem - \u00f6\u00f6rni.<\/p>\n\n\n\n<p>S\u00efjti Jarnge giesien 1982 tseegkesovvi. Njoktjen asken 1984 dellie debpelen dahkoe riejries, guktie \u00e5adtjoejin g\u00e5atan tjaangedh, dellie goh Nordlaanten fylhken saemien kultuvrekonferanse daesnie \u00f6\u00f6rnesovvi. \u00c5asa lij dellie 31.12.1985 4.516.132 kr\u00e5vnah - badth ij lin gaajhkh tj\u00efehtjelh aanje gaervies. S\u00efjti Jarngen heevehtimmie lij giesien jaepien 1987, gusnie staate, fylhke j\u00efh Helgelaanten tj\u00efelth lin mealtan.<\/p>\n\n\n\n<h3 class=\"wp-block-heading\"><strong>Sijjie<\/strong><\/h3>\n\n\n\n<p>Helgelaante lea saemien dajve gusnie saemieh iktegish vy\u00f6seme. Eeremes daejnie dajvine...Kultuvremojhtesh, sijjienommh j\u00efh saemien aerpie tjarki n\u00e6nnoestieh saemiej leah n\u00e6nnoes maadtoeh daejtie dajvide. Bijjelen 1800-jaepiej raajan gellene lehkesne saemieh dah mah lin jeenemes daejnie dajvine. 1850-jaepiej m\u00e6nngan dah b\u00e5antah  jih gaertenh varki l\u00e6ssanin - goh dah b\u00f6\u00f6tin diekie juhtien.<\/p>\n\n\n\n<p>B\u00e5atsoe saemien identiteetem Helgelaanten dajvesne guadta - jilhts j\u00efjnjh saemieh industrijesne-j\u00efh service-j\u00efeleginie barkieh. Saemien kultuvre eeremes b\u00e5atsosne v\u00e5\u00e5jnoe - goh g\u00efele, duedtie j\u00efh saemien vuekieh- voeth guktie g\u00e5\u00e5rvedidh. B\u00e5atsoe d\u00efhte mij garre daatjaldehtemem d\u00e5astoehtamme, dannasinie b\u00e5atsoe saemien g\u00efelen j\u00efh kultuvren aevlierginie gohtje.<\/p>\n\n\n\n<p>Ij leah rovnege Aarborten tj\u00efelte faalije tj\u00efeltine S\u00efjti Jarngese sj\u00efdti. Tj\u00efelten lea sj\u00efere eatneme - gogkoe saemieh dovletji baelijste orrijamme guktie saemien kultuvremojhtesh nimhtie v\u00e5\u00e5jnesasse b\u00e5etieh. Dovne daebpene b\u00e5atsoe eeremes saemien g\u00efele-j\u00efh kultuvreguedtije, badth dah g\u00efeh gaertenem r\u00f6\u00f6njin lin aaj saemien maadtojste.<\/p>\n\n\n\n<p>Hattfjelldal lea Aarborte saemien. Nommeste maahta guarkedh daebpene aareh g\u00efjre j\u00efh buerie g\u00e5atome bovtside g\u00efjrege.<\/p>\n\n\n\n<p>S\u00efjti Jarnge diekie Aarbortese tseegkesovvi, j\u00e5hkoe Gaske-N\u00f6\u00f6rjen saemienskovle\/Sameskolen for MIdt-Norge lea Aarbortesne jaepien 1952 raejeste joe orreme. Dah g\u00f6\u00f6kte institusjovnh gelkieh ektese vy\u00f6kedh  j\u00efh sinsitniem viehkiehtidh j\u00efh d\u00e5arjodh.<\/p>","protected":false},"excerpt":{"rendered":"<p>Historikk Tanken om et kultursenter i Hattfjelldal ble lansert p\u00e5 et m\u00f8te som Nordisk Samer\u00e5d hadde i Utsjoki i mars 1972. Den 18. oktober 1973 s\u00f8kte Tilsynsr\u00e5det og Foreldrer\u00e5dets arbeidsutvalg ved Sameskolen om midler til et forprosjekt som skulle danne grunnlaget for en finansieringsplan for reisning av et senter. Under et fellesm\u00f8te 24. april 1975, [&hellip;]<\/p>\n","protected":false},"author":1,"featured_media":1935,"parent":1788,"menu_order":0,"comment_status":"closed","ping_status":"closed","template":"","meta":{"_genesis_hide_title":false,"_genesis_hide_breadcrumbs":false,"_genesis_hide_singular_image":false,"_genesis_hide_footer_widgets":false,"_genesis_custom_body_class":"","_genesis_custom_post_class":"","_genesis_layout":"","footnotes":""},"class_list":{"0":"post-1980","1":"page","2":"type-page","3":"status-publish","4":"has-post-thumbnail","6":"entry"},"yoast_head":"<!-- This site is optimized with the Yoast SEO plugin v27.4 - https:\/\/yoast.com\/product\/yoast-seo-wordpress\/ -->\n<title>Historikk og lokalisering - Sijtijarnge<\/title>\n<meta name=\"robots\" content=\"index, follow, max-snippet:-1, max-image-preview:large, max-video-preview:-1\" \/>\n<link rel=\"canonical\" href=\"https:\/\/sijtijarnge.no\/sor\/gaetie\/historikk-og-lokalisering\/\" \/>\n<meta property=\"og:locale\" content=\"so_SO\" \/>\n<meta property=\"og:type\" content=\"article\" \/>\n<meta property=\"og:title\" content=\"Historikk og lokalisering - Sijtijarnge\" \/>\n<meta property=\"og:description\" content=\"Historikk Tanken om et kultursenter i Hattfjelldal ble lansert p\u00e5 et m\u00f8te som Nordisk Samer\u00e5d hadde i Utsjoki i mars 1972. Den 18. oktober 1973 s\u00f8kte Tilsynsr\u00e5det og Foreldrer\u00e5dets arbeidsutvalg ved Sameskolen om midler til et forprosjekt som skulle danne grunnlaget for en finansieringsplan for reisning av et senter. Under et fellesm\u00f8te 24. april 1975, [&hellip;]\" \/>\n<meta property=\"og:url\" content=\"https:\/\/sijtijarnge.no\/sor\/gaetie\/historikk-og-lokalisering\/\" \/>\n<meta property=\"og:site_name\" content=\"Sijtijarnge\" \/>\n<meta property=\"article:modified_time\" content=\"2020-11-11T09:13:38+00:00\" \/>\n<meta property=\"og:image\" content=\"https:\/\/sijtijarnge.no\/wp-content\/uploads\/2020\/11\/Sijtijarnge_Aarborte_NO_okt19_230_FullRes_CJUTSI-kopia.jpg\" \/>\n\t<meta property=\"og:image:width\" content=\"1600\" \/>\n\t<meta property=\"og:image:height\" content=\"1050\" \/>\n\t<meta property=\"og:image:type\" content=\"image\/jpeg\" \/>\n<meta name=\"twitter:card\" content=\"summary_large_image\" \/>\n<meta name=\"twitter:label1\" content=\"Est. reading time\" \/>\n\t<meta name=\"twitter:data1\" content=\"2 minutes\" \/>\n<script type=\"application\/ld+json\" class=\"yoast-schema-graph\">{\"@context\":\"https:\\\/\\\/schema.org\",\"@graph\":[{\"@type\":\"WebPage\",\"@id\":\"https:\\\/\\\/sijtijarnge.no\\\/huset\\\/historikk-og-lokalisering\\\/\",\"url\":\"https:\\\/\\\/sijtijarnge.no\\\/huset\\\/historikk-og-lokalisering\\\/\",\"name\":\"Historikk og lokalisering - Sijtijarnge\",\"isPartOf\":{\"@id\":\"https:\\\/\\\/sijtijarnge.no\\\/nb\\\/#website\"},\"primaryImageOfPage\":{\"@id\":\"https:\\\/\\\/sijtijarnge.no\\\/huset\\\/historikk-og-lokalisering\\\/#primaryimage\"},\"image\":{\"@id\":\"https:\\\/\\\/sijtijarnge.no\\\/huset\\\/historikk-og-lokalisering\\\/#primaryimage\"},\"thumbnailUrl\":\"https:\\\/\\\/sijtijarnge.no\\\/wp-content\\\/uploads\\\/2020\\\/11\\\/Sijtijarnge_Aarborte_NO_okt19_230_FullRes_CJUTSI-kopia.jpg\",\"datePublished\":\"2020-11-11T09:11:46+00:00\",\"dateModified\":\"2020-11-11T09:13:38+00:00\",\"breadcrumb\":{\"@id\":\"https:\\\/\\\/sijtijarnge.no\\\/huset\\\/historikk-og-lokalisering\\\/#breadcrumb\"},\"inLanguage\":\"so-nn\",\"potentialAction\":[{\"@type\":\"ReadAction\",\"target\":[\"https:\\\/\\\/sijtijarnge.no\\\/huset\\\/historikk-og-lokalisering\\\/\"]}]},{\"@type\":\"ImageObject\",\"inLanguage\":\"so-nn\",\"@id\":\"https:\\\/\\\/sijtijarnge.no\\\/huset\\\/historikk-og-lokalisering\\\/#primaryimage\",\"url\":\"https:\\\/\\\/sijtijarnge.no\\\/wp-content\\\/uploads\\\/2020\\\/11\\\/Sijtijarnge_Aarborte_NO_okt19_230_FullRes_CJUTSI-kopia.jpg\",\"contentUrl\":\"https:\\\/\\\/sijtijarnge.no\\\/wp-content\\\/uploads\\\/2020\\\/11\\\/Sijtijarnge_Aarborte_NO_okt19_230_FullRes_CJUTSI-kopia.jpg\",\"width\":1600,\"height\":1050,\"caption\":\"Foto: Carl-Johan Utsi\"},{\"@type\":\"BreadcrumbList\",\"@id\":\"https:\\\/\\\/sijtijarnge.no\\\/huset\\\/historikk-og-lokalisering\\\/#breadcrumb\",\"itemListElement\":[{\"@type\":\"ListItem\",\"position\":1,\"name\":\"Hjem\",\"item\":\"https:\\\/\\\/sijtijarnge.no\\\/nb\\\/\"},{\"@type\":\"ListItem\",\"position\":2,\"name\":\"Om oss\",\"item\":\"https:\\\/\\\/sijtijarnge.no\\\/huset\\\/\"},{\"@type\":\"ListItem\",\"position\":3,\"name\":\"Historikk og lokalisering\"}]},{\"@type\":\"WebSite\",\"@id\":\"https:\\\/\\\/sijtijarnge.no\\\/nb\\\/#website\",\"url\":\"https:\\\/\\\/sijtijarnge.no\\\/nb\\\/\",\"name\":\"Sijtijarnge\",\"description\":\"Samisk spr\u00e5k- og kultursenter i Hattfjelldal\",\"publisher\":{\"@id\":\"https:\\\/\\\/sijtijarnge.no\\\/nb\\\/#organization\"},\"potentialAction\":[{\"@type\":\"SearchAction\",\"target\":{\"@type\":\"EntryPoint\",\"urlTemplate\":\"https:\\\/\\\/sijtijarnge.no\\\/nb\\\/?s={search_term_string}\"},\"query-input\":{\"@type\":\"PropertyValueSpecification\",\"valueRequired\":true,\"valueName\":\"search_term_string\"}}],\"inLanguage\":\"so-nn\"},{\"@type\":\"Organization\",\"@id\":\"https:\\\/\\\/sijtijarnge.no\\\/nb\\\/#organization\",\"name\":\"Sijtijarnge\",\"url\":\"https:\\\/\\\/sijtijarnge.no\\\/nb\\\/\",\"logo\":{\"@type\":\"ImageObject\",\"inLanguage\":\"so-nn\",\"@id\":\"https:\\\/\\\/sijtijarnge.no\\\/nb\\\/#\\\/schema\\\/logo\\\/image\\\/\",\"url\":\"https:\\\/\\\/sijtijarnge.no\\\/wp-content\\\/uploads\\\/2020\\\/08\\\/logo_farg_500px.png\",\"contentUrl\":\"https:\\\/\\\/sijtijarnge.no\\\/wp-content\\\/uploads\\\/2020\\\/08\\\/logo_farg_500px.png\",\"width\":500,\"height\":240,\"caption\":\"Sijtijarnge\"},\"image\":{\"@id\":\"https:\\\/\\\/sijtijarnge.no\\\/nb\\\/#\\\/schema\\\/logo\\\/image\\\/\"}}]}<\/script>\n<!-- \/ Yoast SEO plugin. -->","yoast_head_json":{"title":"Historikk og lokalisering - Sijtijarnge","robots":{"index":"index","follow":"follow","max-snippet":"max-snippet:-1","max-image-preview":"max-image-preview:large","max-video-preview":"max-video-preview:-1"},"canonical":"https:\/\/sijtijarnge.no\/sor\/gaetie\/historikk-og-lokalisering\/","og_locale":"so_SO","og_type":"article","og_title":"Historikk og lokalisering - Sijtijarnge","og_description":"Historikk Tanken om et kultursenter i Hattfjelldal ble lansert p\u00e5 et m\u00f8te som Nordisk Samer\u00e5d hadde i Utsjoki i mars 1972. Den 18. oktober 1973 s\u00f8kte Tilsynsr\u00e5det og Foreldrer\u00e5dets arbeidsutvalg ved Sameskolen om midler til et forprosjekt som skulle danne grunnlaget for en finansieringsplan for reisning av et senter. Under et fellesm\u00f8te 24. april 1975, [&hellip;]","og_url":"https:\/\/sijtijarnge.no\/sor\/gaetie\/historikk-og-lokalisering\/","og_site_name":"Sijtijarnge","article_modified_time":"2020-11-11T09:13:38+00:00","og_image":[{"width":1600,"height":1050,"url":"https:\/\/sijtijarnge.no\/wp-content\/uploads\/2020\/11\/Sijtijarnge_Aarborte_NO_okt19_230_FullRes_CJUTSI-kopia.jpg","type":"image\/jpeg"}],"twitter_card":"summary_large_image","twitter_misc":{"Est. reading time":"2 minutes"},"schema":{"@context":"https:\/\/schema.org","@graph":[{"@type":"WebPage","@id":"https:\/\/sijtijarnge.no\/huset\/historikk-og-lokalisering\/","url":"https:\/\/sijtijarnge.no\/huset\/historikk-og-lokalisering\/","name":"Historikk og lokalisering - Sijtijarnge","isPartOf":{"@id":"https:\/\/sijtijarnge.no\/nb\/#website"},"primaryImageOfPage":{"@id":"https:\/\/sijtijarnge.no\/huset\/historikk-og-lokalisering\/#primaryimage"},"image":{"@id":"https:\/\/sijtijarnge.no\/huset\/historikk-og-lokalisering\/#primaryimage"},"thumbnailUrl":"https:\/\/sijtijarnge.no\/wp-content\/uploads\/2020\/11\/Sijtijarnge_Aarborte_NO_okt19_230_FullRes_CJUTSI-kopia.jpg","datePublished":"2020-11-11T09:11:46+00:00","dateModified":"2020-11-11T09:13:38+00:00","breadcrumb":{"@id":"https:\/\/sijtijarnge.no\/huset\/historikk-og-lokalisering\/#breadcrumb"},"inLanguage":"so-nn","potentialAction":[{"@type":"ReadAction","target":["https:\/\/sijtijarnge.no\/huset\/historikk-og-lokalisering\/"]}]},{"@type":"ImageObject","inLanguage":"so-nn","@id":"https:\/\/sijtijarnge.no\/huset\/historikk-og-lokalisering\/#primaryimage","url":"https:\/\/sijtijarnge.no\/wp-content\/uploads\/2020\/11\/Sijtijarnge_Aarborte_NO_okt19_230_FullRes_CJUTSI-kopia.jpg","contentUrl":"https:\/\/sijtijarnge.no\/wp-content\/uploads\/2020\/11\/Sijtijarnge_Aarborte_NO_okt19_230_FullRes_CJUTSI-kopia.jpg","width":1600,"height":1050,"caption":"Foto: Carl-Johan Utsi"},{"@type":"BreadcrumbList","@id":"https:\/\/sijtijarnge.no\/huset\/historikk-og-lokalisering\/#breadcrumb","itemListElement":[{"@type":"ListItem","position":1,"name":"Hjem","item":"https:\/\/sijtijarnge.no\/nb\/"},{"@type":"ListItem","position":2,"name":"Om oss","item":"https:\/\/sijtijarnge.no\/huset\/"},{"@type":"ListItem","position":3,"name":"Historikk og lokalisering"}]},{"@type":"WebSite","@id":"https:\/\/sijtijarnge.no\/nb\/#website","url":"https:\/\/sijtijarnge.no\/nb\/","name":"Sijtijarnge","description":"G\u00efele- j\u00efh kultuvrejarnge, Aarborte","publisher":{"@id":"https:\/\/sijtijarnge.no\/nb\/#organization"},"potentialAction":[{"@type":"SearchAction","target":{"@type":"EntryPoint","urlTemplate":"https:\/\/sijtijarnge.no\/nb\/?s={search_term_string}"},"query-input":{"@type":"PropertyValueSpecification","valueRequired":true,"valueName":"search_term_string"}}],"inLanguage":"so-nn"},{"@type":"Organization","@id":"https:\/\/sijtijarnge.no\/nb\/#organization","name":"Sijtijarnge","url":"https:\/\/sijtijarnge.no\/nb\/","logo":{"@type":"ImageObject","inLanguage":"so-nn","@id":"https:\/\/sijtijarnge.no\/nb\/#\/schema\/logo\/image\/","url":"https:\/\/sijtijarnge.no\/wp-content\/uploads\/2020\/08\/logo_farg_500px.png","contentUrl":"https:\/\/sijtijarnge.no\/wp-content\/uploads\/2020\/08\/logo_farg_500px.png","width":500,"height":240,"caption":"Sijtijarnge"},"image":{"@id":"https:\/\/sijtijarnge.no\/nb\/#\/schema\/logo\/image\/"}}]}},"featured_image_src":"https:\/\/sijtijarnge.no\/wp-content\/uploads\/2020\/11\/Sijtijarnge_Aarborte_NO_okt19_230_FullRes_CJUTSI-kopia.jpg","featured_image_src_square":"https:\/\/sijtijarnge.no\/wp-content\/uploads\/2020\/11\/Sijtijarnge_Aarborte_NO_okt19_230_FullRes_CJUTSI-kopia.jpg","_links":{"self":[{"href":"https:\/\/sijtijarnge.no\/sor\/wp-json\/wp\/v2\/pages\/1980","targetHints":{"allow":["GET"]}}],"collection":[{"href":"https:\/\/sijtijarnge.no\/sor\/wp-json\/wp\/v2\/pages"}],"about":[{"href":"https:\/\/sijtijarnge.no\/sor\/wp-json\/wp\/v2\/types\/page"}],"author":[{"embeddable":true,"href":"https:\/\/sijtijarnge.no\/sor\/wp-json\/wp\/v2\/users\/1"}],"replies":[{"embeddable":true,"href":"https:\/\/sijtijarnge.no\/sor\/wp-json\/wp\/v2\/comments?post=1980"}],"version-history":[{"count":1,"href":"https:\/\/sijtijarnge.no\/sor\/wp-json\/wp\/v2\/pages\/1980\/revisions"}],"predecessor-version":[{"id":1981,"href":"https:\/\/sijtijarnge.no\/sor\/wp-json\/wp\/v2\/pages\/1980\/revisions\/1981"}],"up":[{"embeddable":true,"href":"https:\/\/sijtijarnge.no\/sor\/wp-json\/wp\/v2\/pages\/1788"}],"wp:featuredmedia":[{"embeddable":true,"href":"https:\/\/sijtijarnge.no\/sor\/wp-json\/wp\/v2\/media\/1935"}],"wp:attachment":[{"href":"https:\/\/sijtijarnge.no\/sor\/wp-json\/wp\/v2\/media?parent=1980"}],"curies":[{"name":"wp","href":"https:\/\/api.w.org\/{rel}","templated":true}]}}