{"id":63,"date":"2020-08-04T11:36:34","date_gmt":"2020-08-04T09:36:34","guid":{"rendered":"http:\/\/linwp.it4u.se\/AKMC\/foretag\/?page_id=63"},"modified":"2024-05-08T13:55:12","modified_gmt":"2024-05-08T11:55:12","slug":"kunnskapsbank","status":"publish","type":"page","link":"https:\/\/sijtijarnge.no\/sor\/kunnskapsbank\/","title":{"rendered":"Daajroev\u00e5arhkoe"},"content":{"rendered":"<div class=\"wp-block-cover is-light\"><span aria-hidden=\"true\" class=\"wp-block-cover__background has-background-dim\"><\/span><img loading=\"lazy\" decoding=\"async\" width=\"1024\" height=\"672\" class=\"wp-block-cover__image-background wp-image-1969\" alt=\"\" src=\"https:\/\/sijtijarnge.no\/wp-content\/uploads\/2020\/11\/Sijtijarnge_Aarborte_NO_okt19_722_FullRes_CJUTSI-kopia-1024x672-1.jpeg\" data-object-fit=\"cover\" srcset=\"https:\/\/sijtijarnge.no\/wp-content\/uploads\/2020\/11\/Sijtijarnge_Aarborte_NO_okt19_722_FullRes_CJUTSI-kopia-1024x672-1.jpeg 1024w, https:\/\/sijtijarnge.no\/wp-content\/uploads\/2020\/11\/Sijtijarnge_Aarborte_NO_okt19_722_FullRes_CJUTSI-kopia-1024x672-1-600x394.jpeg 600w, https:\/\/sijtijarnge.no\/wp-content\/uploads\/2020\/11\/Sijtijarnge_Aarborte_NO_okt19_722_FullRes_CJUTSI-kopia-1024x672-1-300x197.jpeg 300w, https:\/\/sijtijarnge.no\/wp-content\/uploads\/2020\/11\/Sijtijarnge_Aarborte_NO_okt19_722_FullRes_CJUTSI-kopia-1024x672-1-768x504.jpeg 768w, https:\/\/sijtijarnge.no\/wp-content\/uploads\/2020\/11\/Sijtijarnge_Aarborte_NO_okt19_722_FullRes_CJUTSI-kopia-1024x672-1-16x12.jpeg 16w\" sizes=\"auto, (max-width: 1024px) 100vw, 1024px\" \/><div class=\"wp-block-cover__inner-container is-layout-flow wp-block-cover-is-layout-flow\">\n<p class=\"has-text-align-center has-white-color has-text-color has-link-color has-large-font-size wp-elements-e44526c0c3452af49d8aa4ae6412f0a1\">\u00c5arjelsaemien maadtoeh<\/p>\n\n\n\n<div class=\"wp-block-buttons is-content-justification-center is-layout-flex wp-container-core-buttons-is-layout-16018d1d wp-block-buttons-is-layout-flex\">\n<div class=\"wp-block-button has-custom-font-size gb-block-button\" style=\"font-size:20px;line-height:1.2\"><a class=\"wp-block-button__link has-text-color has-background wp-element-button\" href=\"https:\/\/sijtijarnge.no\/sor\/holger\/vefslap.htm\/\" style=\"border-radius:5px;color:#ffffff;background-color:#ff6900;padding-top:10px;padding-right:1em;padding-bottom:10px;padding-left:1em\">Register<\/a><\/div>\n<\/div>\n<\/div><\/div>\n\n\n\n<hr class=\"wp-block-separator has-css-opacity is-style-wide\"\/>\n\n\n\n<div class=\"wp-block-cover is-light\"><span aria-hidden=\"true\" class=\"wp-block-cover__background has-background-dim\"><\/span><img loading=\"lazy\" decoding=\"async\" width=\"1024\" height=\"672\" class=\"wp-block-cover__image-background wp-image-1967\" alt=\"\" src=\"https:\/\/sijtijarnge.no\/wp-content\/uploads\/2020\/11\/Sijtijarnge_Aarborte_NO_okt19_519_FullRes_CJUTSI-kopia-1024x672-1.jpeg\" data-object-fit=\"cover\" srcset=\"https:\/\/sijtijarnge.no\/wp-content\/uploads\/2020\/11\/Sijtijarnge_Aarborte_NO_okt19_519_FullRes_CJUTSI-kopia-1024x672-1.jpeg 1024w, https:\/\/sijtijarnge.no\/wp-content\/uploads\/2020\/11\/Sijtijarnge_Aarborte_NO_okt19_519_FullRes_CJUTSI-kopia-1024x672-1-600x394.jpeg 600w, https:\/\/sijtijarnge.no\/wp-content\/uploads\/2020\/11\/Sijtijarnge_Aarborte_NO_okt19_519_FullRes_CJUTSI-kopia-1024x672-1-300x197.jpeg 300w, https:\/\/sijtijarnge.no\/wp-content\/uploads\/2020\/11\/Sijtijarnge_Aarborte_NO_okt19_519_FullRes_CJUTSI-kopia-1024x672-1-768x504.jpeg 768w, https:\/\/sijtijarnge.no\/wp-content\/uploads\/2020\/11\/Sijtijarnge_Aarborte_NO_okt19_519_FullRes_CJUTSI-kopia-1024x672-1-16x12.jpeg 16w\" sizes=\"auto, (max-width: 1024px) 100vw, 1024px\" \/><div class=\"wp-block-cover__inner-container is-layout-flow wp-block-cover-is-layout-flow\">\n<p class=\"has-text-align-center has-white-color has-text-color has-link-color has-large-font-size wp-elements-a8807154990af618dbb00e14cbf03481\">\u00c5arjelsaemien g\u00efelev\u00e5arhkoe<\/p>\n\n\n\n<div class=\"wp-block-genesis-blocks-gb-container gb-block-container\"><div class=\"gb-container-inside\"><div class=\"gb-container-content\"><\/div><\/div><\/div>\n\n\n\n<div class=\"wp-block-genesis-blocks-gb-columns gb-layout-columns-5 gb-5-col-equal\"><div class=\"gb-layout-column-wrap gb-block-layout-column-gap-1 gb-is-responsive-column\">\n<div class=\"wp-block-genesis-blocks-gb-column gb-block-layout-column\"><div class=\"gb-block-layout-column-inner\">\n<div class=\"wp-block-buttons is-content-justification-center is-layout-flex wp-container-core-buttons-is-layout-16018d1d wp-block-buttons-is-layout-flex\">\n<div class=\"wp-block-button has-custom-font-size gb-block-button\" style=\"font-size:20px;line-height:1.2\"><a class=\"wp-block-button__link has-text-color has-background wp-element-button\" href=\"https:\/\/sijtijarnge.no\/sor\/category\/sorsamisk-sprakbank\/learoevierhtieh\/bilder\/\" style=\"border-radius:5px;color:#ffffff;background-color:#ff6900;padding-top:10px;padding-right:1em;padding-bottom:10px;padding-left:1em\">Guvvieh<\/a><\/div>\n<\/div>\n<\/div><\/div>\n\n\n\n<div class=\"wp-block-genesis-blocks-gb-column gb-block-layout-column\"><div class=\"gb-block-layout-column-inner\">\n<div class=\"wp-block-buttons is-content-justification-center is-layout-flex wp-container-core-buttons-is-layout-16018d1d wp-block-buttons-is-layout-flex\">\n<div class=\"wp-block-button has-custom-font-size gb-block-button\" style=\"font-size:20px;line-height:1.2\"><a class=\"wp-block-button__link has-text-color has-background wp-element-button\" href=\"https:\/\/sijtijarnge.no\/sor\/lydfiler-saemesth-amma-1-4\/\" style=\"border-radius:5px;color:#ffffff;background-color:#ff6900;padding-top:10px;padding-right:1em;padding-bottom:10px;padding-left:1em\">Lydfiler<\/a><\/div>\n<\/div>\n<\/div><\/div>\n\n\n\n<div class=\"wp-block-genesis-blocks-gb-column gb-block-layout-column\"><div class=\"gb-block-layout-column-inner\">\n<div class=\"wp-block-buttons is-content-justification-center is-layout-flex wp-container-core-buttons-is-layout-16018d1d wp-block-buttons-is-layout-flex\">\n<div class=\"wp-block-button has-custom-font-size gb-block-button\" style=\"font-size:20px;line-height:1.2\"><a class=\"wp-block-button__link has-text-color has-background wp-element-button\" href=\"https:\/\/sijtijarnge.no\/sor\/category\/sorsamisk-sprakbank\/learoevierhtieh\/oppgaver\/\" style=\"border-radius:5px;color:#ffffff;background-color:#ff6900;padding-top:10px;padding-right:1em;padding-bottom:10px;padding-left:1em\">Laavenjassh<\/a><\/div>\n<\/div>\n<\/div><\/div>\n\n\n\n<div class=\"wp-block-genesis-blocks-gb-column gb-block-layout-column\"><div class=\"gb-block-layout-column-inner\">\n<div class=\"wp-block-buttons is-content-justification-center is-layout-flex wp-container-core-buttons-is-layout-16018d1d wp-block-buttons-is-layout-flex\">\n<div class=\"wp-block-button has-custom-font-size gb-block-button\" style=\"font-size:20px;line-height:1.2\"><a class=\"wp-block-button__link has-text-color has-background wp-element-button\" href=\"https:\/\/sijtijarnge.no\/sor\/category\/sorsamisk-sprakbank\/learoevierhtieh\/tekst\/\" style=\"border-radius:5px;color:#ffffff;background-color:#ff6900;padding-top:10px;padding-right:1em;padding-bottom:10px;padding-left:1em\">Lohkemeboelhkh<\/a><\/div>\n<\/div>\n<\/div><\/div>\n\n\n\n<div class=\"wp-block-genesis-blocks-gb-column gb-block-layout-column\"><div class=\"gb-block-layout-column-inner\">\n<div class=\"wp-block-buttons is-content-justification-center is-layout-flex wp-container-core-buttons-is-layout-16018d1d wp-block-buttons-is-layout-flex\">\n<div class=\"wp-block-button has-custom-font-size gb-block-button\" style=\"font-size:20px;line-height:1.2\"><a class=\"wp-block-button__link has-text-color has-background wp-element-button\" href=\"https:\/\/sijtijarnge.no\/sor\/tommy-og-tigeren\/\" style=\"border-radius:5px;color:#ffffff;background-color:#ff6900;padding-top:10px;padding-right:1em;padding-bottom:10px;padding-left:1em\">Tommy og Tigeren<\/a><\/div>\n<\/div>\n<\/div><\/div>\n<\/div><\/div>\n<\/div><\/div>\n\n\n\n<div class=\"wp-block-genesis-blocks-gb-container gb-block-container\"><div class=\"gb-container-inside\"><div class=\"gb-container-content\"><\/div><\/div><\/div>","protected":false},"excerpt":{"rendered":"","protected":false},"author":1,"featured_media":0,"parent":0,"menu_order":0,"comment_status":"closed","ping_status":"closed","template":"","meta":{"_genesis_hide_title":false,"_genesis_hide_breadcrumbs":false,"_genesis_hide_singular_image":false,"_genesis_hide_footer_widgets":false,"_genesis_custom_body_class":"","_genesis_custom_post_class":"","_genesis_layout":"","footnotes":""},"class_list":{"0":"post-63","1":"page","2":"type-page","3":"status-publish","5":"entry"},"yoast_head":"<!-- This site is optimized with the Yoast SEO plugin v27.4 - https:\/\/yoast.com\/product\/yoast-seo-wordpress\/ -->\n<title>Kunnskapsbank - Sijtijarnge<\/title>\n<meta name=\"robots\" content=\"index, follow, max-snippet:-1, max-image-preview:large, max-video-preview:-1\" \/>\n<link rel=\"canonical\" href=\"https:\/\/sijtijarnge.no\/sor\/kunnskapsbank\/\" \/>\n<meta property=\"og:locale\" content=\"so_SO\" \/>\n<meta property=\"og:type\" content=\"article\" \/>\n<meta property=\"og:title\" content=\"Kunnskapsbank - Sijtijarnge\" \/>\n<meta property=\"og:url\" content=\"https:\/\/sijtijarnge.no\/sor\/kunnskapsbank\/\" \/>\n<meta property=\"og:site_name\" content=\"Sijtijarnge\" \/>\n<meta property=\"article:modified_time\" content=\"2024-05-08T11:55:12+00:00\" \/>\n<meta property=\"og:image\" content=\"https:\/\/sijtijarnge.no\/wp-content\/uploads\/2020\/11\/Sijtijarnge_Aarborte_NO_okt19_722_FullRes_CJUTSI-kopia-1024x672-1.jpeg\" \/>\n<meta name=\"twitter:card\" content=\"summary_large_image\" \/>\n<meta name=\"twitter:label1\" content=\"Est. reading time\" \/>\n\t<meta name=\"twitter:data1\" content=\"1 minute\" \/>\n<script type=\"application\/ld+json\" class=\"yoast-schema-graph\">{\"@context\":\"https:\\\/\\\/schema.org\",\"@graph\":[{\"@type\":\"WebPage\",\"@id\":\"https:\\\/\\\/sijtijarnge.no\\\/kunnskapsbank\\\/\",\"url\":\"https:\\\/\\\/sijtijarnge.no\\\/kunnskapsbank\\\/\",\"name\":\"Kunnskapsbank - Sijtijarnge\",\"isPartOf\":{\"@id\":\"https:\\\/\\\/sijtijarnge.no\\\/nb\\\/#website\"},\"primaryImageOfPage\":{\"@id\":\"https:\\\/\\\/sijtijarnge.no\\\/kunnskapsbank\\\/#primaryimage\"},\"image\":{\"@id\":\"https:\\\/\\\/sijtijarnge.no\\\/kunnskapsbank\\\/#primaryimage\"},\"thumbnailUrl\":\"https:\\\/\\\/sijtijarnge.no\\\/wp-content\\\/uploads\\\/2020\\\/11\\\/Sijtijarnge_Aarborte_NO_okt19_722_FullRes_CJUTSI-kopia-1024x672-1.jpeg\",\"datePublished\":\"2020-08-04T09:36:34+00:00\",\"dateModified\":\"2024-05-08T11:55:12+00:00\",\"breadcrumb\":{\"@id\":\"https:\\\/\\\/sijtijarnge.no\\\/kunnskapsbank\\\/#breadcrumb\"},\"inLanguage\":\"so-nn\",\"potentialAction\":[{\"@type\":\"ReadAction\",\"target\":[\"https:\\\/\\\/sijtijarnge.no\\\/kunnskapsbank\\\/\"]}]},{\"@type\":\"ImageObject\",\"inLanguage\":\"so-nn\",\"@id\":\"https:\\\/\\\/sijtijarnge.no\\\/kunnskapsbank\\\/#primaryimage\",\"url\":\"https:\\\/\\\/sijtijarnge.no\\\/wp-content\\\/uploads\\\/2020\\\/11\\\/Sijtijarnge_Aarborte_NO_okt19_722_FullRes_CJUTSI-kopia-1024x672-1.jpeg\",\"contentUrl\":\"https:\\\/\\\/sijtijarnge.no\\\/wp-content\\\/uploads\\\/2020\\\/11\\\/Sijtijarnge_Aarborte_NO_okt19_722_FullRes_CJUTSI-kopia-1024x672-1.jpeg\"},{\"@type\":\"BreadcrumbList\",\"@id\":\"https:\\\/\\\/sijtijarnge.no\\\/kunnskapsbank\\\/#breadcrumb\",\"itemListElement\":[{\"@type\":\"ListItem\",\"position\":1,\"name\":\"Hjem\",\"item\":\"https:\\\/\\\/sijtijarnge.no\\\/nb\\\/\"},{\"@type\":\"ListItem\",\"position\":2,\"name\":\"Kunnskapsbank\"}]},{\"@type\":\"WebSite\",\"@id\":\"https:\\\/\\\/sijtijarnge.no\\\/nb\\\/#website\",\"url\":\"https:\\\/\\\/sijtijarnge.no\\\/nb\\\/\",\"name\":\"Sijtijarnge\",\"description\":\"Samisk spr\u00e5k- og kultursenter i Hattfjelldal\",\"publisher\":{\"@id\":\"https:\\\/\\\/sijtijarnge.no\\\/nb\\\/#organization\"},\"potentialAction\":[{\"@type\":\"SearchAction\",\"target\":{\"@type\":\"EntryPoint\",\"urlTemplate\":\"https:\\\/\\\/sijtijarnge.no\\\/nb\\\/?s={search_term_string}\"},\"query-input\":{\"@type\":\"PropertyValueSpecification\",\"valueRequired\":true,\"valueName\":\"search_term_string\"}}],\"inLanguage\":\"so-nn\"},{\"@type\":\"Organization\",\"@id\":\"https:\\\/\\\/sijtijarnge.no\\\/nb\\\/#organization\",\"name\":\"Sijtijarnge\",\"url\":\"https:\\\/\\\/sijtijarnge.no\\\/nb\\\/\",\"logo\":{\"@type\":\"ImageObject\",\"inLanguage\":\"so-nn\",\"@id\":\"https:\\\/\\\/sijtijarnge.no\\\/nb\\\/#\\\/schema\\\/logo\\\/image\\\/\",\"url\":\"https:\\\/\\\/sijtijarnge.no\\\/wp-content\\\/uploads\\\/2020\\\/08\\\/logo_farg_500px.png\",\"contentUrl\":\"https:\\\/\\\/sijtijarnge.no\\\/wp-content\\\/uploads\\\/2020\\\/08\\\/logo_farg_500px.png\",\"width\":500,\"height\":240,\"caption\":\"Sijtijarnge\"},\"image\":{\"@id\":\"https:\\\/\\\/sijtijarnge.no\\\/nb\\\/#\\\/schema\\\/logo\\\/image\\\/\"}}]}<\/script>\n<!-- \/ Yoast SEO plugin. -->","yoast_head_json":{"title":"Kunnskapsbank - Sijtijarnge","robots":{"index":"index","follow":"follow","max-snippet":"max-snippet:-1","max-image-preview":"max-image-preview:large","max-video-preview":"max-video-preview:-1"},"canonical":"https:\/\/sijtijarnge.no\/sor\/kunnskapsbank\/","og_locale":"so_SO","og_type":"article","og_title":"Kunnskapsbank - Sijtijarnge","og_url":"https:\/\/sijtijarnge.no\/sor\/kunnskapsbank\/","og_site_name":"Sijtijarnge","article_modified_time":"2024-05-08T11:55:12+00:00","og_image":[{"url":"https:\/\/sijtijarnge.no\/wp-content\/uploads\/2020\/11\/Sijtijarnge_Aarborte_NO_okt19_722_FullRes_CJUTSI-kopia-1024x672-1.jpeg","type":"","width":"","height":""}],"twitter_card":"summary_large_image","twitter_misc":{"Est. reading time":"1 minute"},"schema":{"@context":"https:\/\/schema.org","@graph":[{"@type":"WebPage","@id":"https:\/\/sijtijarnge.no\/kunnskapsbank\/","url":"https:\/\/sijtijarnge.no\/kunnskapsbank\/","name":"Kunnskapsbank - Sijtijarnge","isPartOf":{"@id":"https:\/\/sijtijarnge.no\/nb\/#website"},"primaryImageOfPage":{"@id":"https:\/\/sijtijarnge.no\/kunnskapsbank\/#primaryimage"},"image":{"@id":"https:\/\/sijtijarnge.no\/kunnskapsbank\/#primaryimage"},"thumbnailUrl":"https:\/\/sijtijarnge.no\/wp-content\/uploads\/2020\/11\/Sijtijarnge_Aarborte_NO_okt19_722_FullRes_CJUTSI-kopia-1024x672-1.jpeg","datePublished":"2020-08-04T09:36:34+00:00","dateModified":"2024-05-08T11:55:12+00:00","breadcrumb":{"@id":"https:\/\/sijtijarnge.no\/kunnskapsbank\/#breadcrumb"},"inLanguage":"so-nn","potentialAction":[{"@type":"ReadAction","target":["https:\/\/sijtijarnge.no\/kunnskapsbank\/"]}]},{"@type":"ImageObject","inLanguage":"so-nn","@id":"https:\/\/sijtijarnge.no\/kunnskapsbank\/#primaryimage","url":"https:\/\/sijtijarnge.no\/wp-content\/uploads\/2020\/11\/Sijtijarnge_Aarborte_NO_okt19_722_FullRes_CJUTSI-kopia-1024x672-1.jpeg","contentUrl":"https:\/\/sijtijarnge.no\/wp-content\/uploads\/2020\/11\/Sijtijarnge_Aarborte_NO_okt19_722_FullRes_CJUTSI-kopia-1024x672-1.jpeg"},{"@type":"BreadcrumbList","@id":"https:\/\/sijtijarnge.no\/kunnskapsbank\/#breadcrumb","itemListElement":[{"@type":"ListItem","position":1,"name":"Hjem","item":"https:\/\/sijtijarnge.no\/nb\/"},{"@type":"ListItem","position":2,"name":"Kunnskapsbank"}]},{"@type":"WebSite","@id":"https:\/\/sijtijarnge.no\/nb\/#website","url":"https:\/\/sijtijarnge.no\/nb\/","name":"Sijtijarnge","description":"G\u00efele- j\u00efh kultuvrejarnge, Aarborte","publisher":{"@id":"https:\/\/sijtijarnge.no\/nb\/#organization"},"potentialAction":[{"@type":"SearchAction","target":{"@type":"EntryPoint","urlTemplate":"https:\/\/sijtijarnge.no\/nb\/?s={search_term_string}"},"query-input":{"@type":"PropertyValueSpecification","valueRequired":true,"valueName":"search_term_string"}}],"inLanguage":"so-nn"},{"@type":"Organization","@id":"https:\/\/sijtijarnge.no\/nb\/#organization","name":"Sijtijarnge","url":"https:\/\/sijtijarnge.no\/nb\/","logo":{"@type":"ImageObject","inLanguage":"so-nn","@id":"https:\/\/sijtijarnge.no\/nb\/#\/schema\/logo\/image\/","url":"https:\/\/sijtijarnge.no\/wp-content\/uploads\/2020\/08\/logo_farg_500px.png","contentUrl":"https:\/\/sijtijarnge.no\/wp-content\/uploads\/2020\/08\/logo_farg_500px.png","width":500,"height":240,"caption":"Sijtijarnge"},"image":{"@id":"https:\/\/sijtijarnge.no\/nb\/#\/schema\/logo\/image\/"}}]}},"featured_image_src":null,"featured_image_src_square":null,"_links":{"self":[{"href":"https:\/\/sijtijarnge.no\/sor\/wp-json\/wp\/v2\/pages\/63","targetHints":{"allow":["GET"]}}],"collection":[{"href":"https:\/\/sijtijarnge.no\/sor\/wp-json\/wp\/v2\/pages"}],"about":[{"href":"https:\/\/sijtijarnge.no\/sor\/wp-json\/wp\/v2\/types\/page"}],"author":[{"embeddable":true,"href":"https:\/\/sijtijarnge.no\/sor\/wp-json\/wp\/v2\/users\/1"}],"replies":[{"embeddable":true,"href":"https:\/\/sijtijarnge.no\/sor\/wp-json\/wp\/v2\/comments?post=63"}],"version-history":[{"count":31,"href":"https:\/\/sijtijarnge.no\/sor\/wp-json\/wp\/v2\/pages\/63\/revisions"}],"predecessor-version":[{"id":3638,"href":"https:\/\/sijtijarnge.no\/sor\/wp-json\/wp\/v2\/pages\/63\/revisions\/3638"}],"wp:attachment":[{"href":"https:\/\/sijtijarnge.no\/sor\/wp-json\/wp\/v2\/media?parent=63"}],"curies":[{"name":"wp","href":"https:\/\/api.w.org\/{rel}","templated":true}]}}